{"id":664,"date":"2022-12-22T09:47:33","date_gmt":"2022-12-22T09:47:33","guid":{"rendered":"https:\/\/cmykprinted.com\/?post_type=product&#038;p=664"},"modified":"2022-12-22T14:15:54","modified_gmt":"2022-12-22T14:15:54","slug":"horizontal-pop-up-banners-with-free-custom-printing-services","status":"publish","type":"product","link":"https:\/\/cmykprinted.com\/tr\/urun\/horizontal-pop-up-banners-with-free-custom-printing-services\/","title":{"rendered":"\u00dccretsiz \u00d6zel Bask\u0131 Hizmetleriyle Yatay Pop-Up Bannerlar"},"content":{"rendered":"","protected":false},"excerpt":{"rendered":"<p>Yatay a\u00e7\u0131l\u0131r afi\u015flerimiz, d\u0131\u015f etkenlere dayanacak \u015fekilde tasarlanm\u0131\u015f dayan\u0131kl\u0131 malzemelerden yap\u0131lm\u0131\u015ft\u0131r ve bu da onlar\u0131 hem i\u00e7 hem de d\u0131\u015f mekanlarda kullan\u0131m i\u00e7in m\u00fckemmel k\u0131lar. Kurulumu ve s\u00f6k\u00fclmesi kolayd\u0131r ve kolayl\u0131kla depolanabilir ve ta\u015f\u0131nabilir, bu da onlar\u0131 hareket halindeki i\u015fletmeler i\u00e7in uygun bir se\u00e7im haline getirir. \u00dccretsiz \u00f6zel bask\u0131 hizmetlerimizle, \u015firket logonuz, marka mesaj\u0131n\u0131z veya se\u00e7ti\u011finiz di\u011fer \u00f6zel tasar\u0131mlarla banner&#039;lar\u0131n\u0131z\u0131 bast\u0131rabilirsiniz. Bu yatay a\u00e7\u0131l\u0131r banner&#039;lar\u0131n her durumda b\u00fcy\u00fck bir etki yarataca\u011f\u0131ndan emin olabilirsiniz ve i\u015fletmenizi potansiyel m\u00fc\u015fterilere etkili bir \u015fekilde tan\u0131tman\u0131za yard\u0131mc\u0131 olacakt\u0131r. Markan\u0131z\u0131 bir ticaret fuar\u0131nda, spor etkinli\u011finde veya kurumsal bir etkinlikte tan\u0131tmak istiyor olun, yatay a\u00e7\u0131l\u0131r afi\u015flerimiz m\u00fckemmel bir se\u00e7imdir.<\/p>\n<div style=\"width: 1290px;\" class=\"wp-video\"><!--[if lt IE 9]><script>document.createElement('video');<\/script><![endif]--><br \/>\n<video class=\"wp-video-shortcode\" id=\"video-664-1\" width=\"1290\" height=\"726\" loop autoplay preload=\"auto\" controls=\"controls\"><source type=\"video\/mp4\" src=\"http:\/\/cmykprinted.com\/wp-content\/uploads\/2022\/12\/horizontal-pop-up-banners.mp4?_=1\" \/><a href=\"http:\/\/cmykprinted.com\/wp-content\/uploads\/2022\/12\/horizontal-pop-up-banners.mp4\">http:\/\/cmykprinted.com\/wp-content\/uploads\/2022\/12\/horizontal-pop-up-banners.mp4<\/a><\/video><\/div>\n<p>&nbsp;<\/p>","protected":false},"featured_media":665,"template":"","meta":{"_kad_post_transparent":"default","_kad_post_title":"hide","_kad_post_layout":"fullwidth","_kad_post_sidebar_id":"","_kad_post_content_style":"unboxed","_kad_post_vertical_padding":"hide","_kad_post_feature":"hide","_kad_post_feature_position":"","_kad_post_header":false,"_kad_post_footer":false},"product_cat":[92,94],"product_tag":[167,165,166],"class_list":{"0":"post-664","1":"product","2":"type-product","3":"status-publish","4":"has-post-thumbnail","6":"product_cat-pop-up-banners","7":"product_cat-horizontal-pop-up-banners","8":"product_tag-custom-pop-up-banners","9":"product_tag-horizontal-pop-up-banners","10":"product_tag-pop-up-banners","12":"first","13":"instock","14":"shipping-taxable","15":"product-type-simple","16":"entry","17":"content-bg","18":"loop-entry"},"_links":{"self":[{"href":"https:\/\/cmykprinted.com\/tr\/wp-json\/wp\/v2\/product\/664","targetHints":{"allow":["GET"]}}],"collection":[{"href":"https:\/\/cmykprinted.com\/tr\/wp-json\/wp\/v2\/product"}],"about":[{"href":"https:\/\/cmykprinted.com\/tr\/wp-json\/wp\/v2\/types\/product"}],"version-history":[{"count":3,"href":"https:\/\/cmykprinted.com\/tr\/wp-json\/wp\/v2\/product\/664\/revisions"}],"predecessor-version":[{"id":672,"href":"https:\/\/cmykprinted.com\/tr\/wp-json\/wp\/v2\/product\/664\/revisions\/672"}],"wp:featuredmedia":[{"embeddable":true,"href":"https:\/\/cmykprinted.com\/tr\/wp-json\/wp\/v2\/media\/665"}],"wp:attachment":[{"href":"https:\/\/cmykprinted.com\/tr\/wp-json\/wp\/v2\/media?parent=664"}],"wp:term":[{"taxonomy":"product_cat","embeddable":true,"href":"https:\/\/cmykprinted.com\/tr\/wp-json\/wp\/v2\/product_cat?post=664"},{"taxonomy":"product_tag","embeddable":true,"href":"https:\/\/cmykprinted.com\/tr\/wp-json\/wp\/v2\/product_tag?post=664"}],"curies":[{"name":"wp","href":"https:\/\/api.w.org\/{rel}","templated":true}]}}