{"id":673,"date":"2022-12-22T14:59:51","date_gmt":"2022-12-22T14:59:51","guid":{"rendered":"https:\/\/cmykprinted.com\/?post_type=product&#038;p=673"},"modified":"2022-12-22T15:10:44","modified_gmt":"2022-12-22T15:10:44","slug":"free-custom-curved-tension-fabric-pop-up-displays-backwall","status":"publish","type":"product","link":"https:\/\/cmykprinted.com\/tr\/urun\/free-custom-curved-tension-fabric-pop-up-displays-backwall\/","title":{"rendered":"\u00dccretsiz \u00d6zel Kavisli Gerilim Kuma\u015f Pop-Up Ekranlar Arka Duvar"},"content":{"rendered":"","protected":false},"excerpt":{"rendered":"<p>Kavisli stre\u00e7 kuma\u015f a\u00e7\u0131l\u0131r ekranlar, ticari fuarlar, yard\u0131m etkinlikleri, end\u00fcstri kongreleri ve di\u011fer etkinlikler i\u00e7in m\u00fckemmel olan s\u00fcr\u00fckleyici ve b\u00fcy\u00fcleyici bir izleyici deneyimi sunar. Bu ekranlar, 3D benzeri bir etki yaratan, \u00f6ne \u00e7\u0131kmalar\u0131n\u0131 ve mesaj\u0131n\u0131za dikkat \u00e7ekmelerini sa\u011flayan ger\u00e7ek\u00e7i, boya s\u00fcblimasyonlu g\u00f6r\u00fcnt\u00fcler i\u00e7erir. Bask\u0131lar\u0131n\u0131z\u0131 g\u00f6r\u00fcn\u00fcr tutmak i\u00e7in \u0131\u015f\u0131k yans\u0131mas\u0131n\u0131 en aza indiren canl\u0131, yeniden kullan\u0131labilir kuma\u015f malzeme kullan\u0131yoruz ve mesaj\u0131n\u0131z\u0131n hedef kitleniz taraf\u0131ndan net bir \u015fekilde g\u00f6r\u00fclmesini sa\u011fl\u0131yoruz. Etkileyici g\u00f6rsel etkilerine ek olarak, bu vitrinler, geri \u00e7ekilebilir afi\u015flerle ayn\u0131 faydalar\u0131 sunarak, onlar\u0131 ticaret fuar\u0131 kabinleri ve pop-up ma\u011fazalar i\u00e7in arka plan olarak kullan\u0131m i\u00e7in m\u00fckemmel k\u0131lar. B\u00fcy\u00fck boyutlar\u0131na ra\u011fmen bu ekranlar hafiftir ve kurulumu kolayd\u0131r, yaln\u0131zca al\u00fcminyum \u00e7er\u00e7evenin montaj\u0131n\u0131 ve \u00fczerine kuma\u015f\u0131n yerle\u015ftirilmesini ve \u00e7ekilmesini gerektirir. Kendi k\u0131vr\u0131ml\u0131 gergi kuma\u015f\u0131 a\u00e7\u0131l\u0131r ekranlar\u0131n\u0131z\u0131 bast\u0131rarak, etkinlik pazarlaman\u0131z\u0131 bir sonraki seviyeye ta\u015f\u0131yabilir ve markan\u0131z\u0131 veya mesaj\u0131n\u0131z\u0131 geni\u015f bir kitleye etkili bir \u015fekilde tan\u0131tabilirsiniz.<\/p>","protected":false},"featured_media":674,"template":"","meta":{"_kad_post_transparent":"default","_kad_post_title":"hide","_kad_post_layout":"fullwidth","_kad_post_sidebar_id":"","_kad_post_content_style":"unboxed","_kad_post_vertical_padding":"hide","_kad_post_feature":"hide","_kad_post_feature_position":"","_kad_post_header":false,"_kad_post_footer":false},"product_cat":[97,98],"product_tag":[168,170,134,169],"class_list":{"0":"post-673","1":"product","2":"type-product","3":"status-publish","4":"has-post-thumbnail","6":"product_cat-tension-fabric-displays","7":"product_cat-curved-tension-fabric-pop-up-displays","8":"product_tag-curved-tension-fabric-pop-up-displays","9":"product_tag-pop-up-tension-fabric-displays","10":"product_tag-tension-fabric-displays","11":"product_tag-tension-fabric-pop-up-display","13":"first","14":"instock","15":"shipping-taxable","16":"product-type-simple","17":"entry","18":"content-bg","19":"loop-entry"},"_links":{"self":[{"href":"https:\/\/cmykprinted.com\/tr\/wp-json\/wp\/v2\/product\/673","targetHints":{"allow":["GET"]}}],"collection":[{"href":"https:\/\/cmykprinted.com\/tr\/wp-json\/wp\/v2\/product"}],"about":[{"href":"https:\/\/cmykprinted.com\/tr\/wp-json\/wp\/v2\/types\/product"}],"version-history":[{"count":1,"href":"https:\/\/cmykprinted.com\/tr\/wp-json\/wp\/v2\/product\/673\/revisions"}],"predecessor-version":[{"id":680,"href":"https:\/\/cmykprinted.com\/tr\/wp-json\/wp\/v2\/product\/673\/revisions\/680"}],"wp:featuredmedia":[{"embeddable":true,"href":"https:\/\/cmykprinted.com\/tr\/wp-json\/wp\/v2\/media\/674"}],"wp:attachment":[{"href":"https:\/\/cmykprinted.com\/tr\/wp-json\/wp\/v2\/media?parent=673"}],"wp:term":[{"taxonomy":"product_cat","embeddable":true,"href":"https:\/\/cmykprinted.com\/tr\/wp-json\/wp\/v2\/product_cat?post=673"},{"taxonomy":"product_tag","embeddable":true,"href":"https:\/\/cmykprinted.com\/tr\/wp-json\/wp\/v2\/product_tag?post=673"}],"curies":[{"name":"wp","href":"https:\/\/api.w.org\/{rel}","templated":true}]}}