{"id":682,"date":"2022-12-29T09:44:31","date_gmt":"2022-12-29T09:44:31","guid":{"rendered":"https:\/\/cmykprinted.com\/?post_type=product&#038;p=682"},"modified":"2022-12-29T10:03:18","modified_gmt":"2022-12-29T10:03:18","slug":"custom-3d-metal-transfer-sticker-metallic-logo-label-sticker","status":"publish","type":"product","link":"https:\/\/cmykprinted.com\/tr\/urun\/custom-3d-metal-transfer-sticker-metallic-logo-label-sticker\/","title":{"rendered":"\u00d6zel 3D Metal Transfer Etiket Metalik Logo Etiket Etiketi"},"content":{"rendered":"","protected":false},"excerpt":{"rendered":"<p>3D metal transfer etiketleri, \u00fc\u00e7 boyutlu bir etki yaratmak i\u00e7in son derece dayan\u0131kl\u0131 nikel folyonun kullan\u0131lmas\u0131n\u0131 i\u00e7eren bir t\u00fcr etiketleme \u00e7\u00f6z\u00fcm\u00fcd\u00fcr. Bu \u00e7\u0131kartmalar, tasar\u0131mdaki fazla malzemeyi kald\u0131rarak &quot;etiketsiz&quot; bir g\u00f6r\u00fcn\u00fcm vermek ve daha rafine ve profesyonel bir g\u00f6r\u00fcn\u00fcm elde etmek i\u00e7in tasarlanm\u0131\u015ft\u0131r. Genellikle \u00fcst d\u00fczey \u00fcr\u00fcn etiketleri olarak veya \u00e7evrimi\u00e7i ma\u011fazalarda perakende sat\u0131\u015f i\u00e7in kullan\u0131l\u0131rlar.<br \/>\n3D metal transfer etiketleri olu\u015fturmak i\u00e7in, tasar\u0131m \u00f6nce \u00f6zel bir bask\u0131 i\u015flemi kullan\u0131larak bir nikel folyo tabakas\u0131na yazd\u0131r\u0131l\u0131r. Fazla malzeme daha sonra kald\u0131r\u0131l\u0131r ve geriye yaln\u0131zca tasar\u0131m\u0131n y\u00fckseltilmi\u015f \u00f6\u011feleri kal\u0131r. Elde edilen \u00e7\u0131kartma daha sonra bir yap\u0131\u015fkan tabakas\u0131 ile kaplan\u0131r ve plastik, metal ve ka\u011f\u0131t dahil olmak \u00fczere \u00e7e\u015fitli y\u00fczeylere uygulanabilir.<br \/>\n3D metal transfer \u00e7\u0131kartmalar\u0131 kullanman\u0131n faydalar\u0131ndan biri de dayan\u0131kl\u0131l\u0131klar\u0131d\u0131r. Nikel g\u00fc\u00e7l\u00fc ve korozyona dayan\u0131kl\u0131 bir malzemedir, bu nedenle bu \u00e7\u0131kartmalar a\u015f\u0131nmaya ve y\u0131pranmaya kar\u015f\u0131 dayan\u0131kl\u0131d\u0131r ve zamanla kalitelerini korur. Ayr\u0131ca solmaya ve renk solmas\u0131na kar\u015f\u0131 diren\u00e7li olmalar\u0131 onlar\u0131 uzun \u00f6m\u00fcrl\u00fc bir etiketleme \u00e7\u00f6z\u00fcm\u00fc haline getirir. Ek olarak, bu \u00e7\u0131kartmalar\u0131n \u00fc\u00e7 boyutlu etkisi, \u00fcr\u00fcn ambalaj\u0131n\u0131za veya markan\u0131za benzersiz ve g\u00f6z al\u0131c\u0131 bir \u00f6\u011fe ekleyebilir.<\/p>\n<div style=\"width: 1280px;\" class=\"wp-video\"><!--[if lt IE 9]><script>document.createElement('video');<\/script><![endif]--><br \/>\n<video class=\"wp-video-shortcode\" id=\"video-682-1\" width=\"1280\" height=\"720\" loop autoplay preload=\"metadata\" controls=\"controls\"><source type=\"video\/mp4\" src=\"http:\/\/cmykprinted.com\/wp-content\/uploads\/2022\/12\/Metal-Transfer-Sticker.mp4?_=1\" \/><a href=\"http:\/\/cmykprinted.com\/wp-content\/uploads\/2022\/12\/Metal-Transfer-Sticker.mp4\">http:\/\/cmykprinted.com\/wp-content\/uploads\/2022\/12\/Metal-Transfer-Sticker.mp4<\/a><\/video><\/div>\n<p>&nbsp;<\/p>","protected":false},"featured_media":683,"template":"","meta":{"_kad_post_transparent":"default","_kad_post_title":"hide","_kad_post_layout":"fullwidth","_kad_post_sidebar_id":"","_kad_post_content_style":"unboxed","_kad_post_vertical_padding":"hide","_kad_post_feature":"hide","_kad_post_feature_position":"","_kad_post_header":false,"_kad_post_footer":false},"product_cat":[101,102],"product_tag":[174,173,171,172],"class_list":{"0":"post-682","1":"product","2":"type-product","3":"status-publish","4":"has-post-thumbnail","6":"product_cat-transfer-stickers","7":"product_cat-metal-transfer-stickers","8":"product_tag-3d-metal-transfer-sticker","9":"product_tag-custom-metal-transfer-sticker","10":"product_tag-metal-transfer-sticker","11":"product_tag-metallic-logo-label-sticker","13":"first","14":"instock","15":"shipping-taxable","16":"product-type-simple","17":"entry","18":"content-bg","19":"loop-entry"},"_links":{"self":[{"href":"https:\/\/cmykprinted.com\/tr\/wp-json\/wp\/v2\/product\/682","targetHints":{"allow":["GET"]}}],"collection":[{"href":"https:\/\/cmykprinted.com\/tr\/wp-json\/wp\/v2\/product"}],"about":[{"href":"https:\/\/cmykprinted.com\/tr\/wp-json\/wp\/v2\/types\/product"}],"version-history":[{"count":2,"href":"https:\/\/cmykprinted.com\/tr\/wp-json\/wp\/v2\/product\/682\/revisions"}],"predecessor-version":[{"id":691,"href":"https:\/\/cmykprinted.com\/tr\/wp-json\/wp\/v2\/product\/682\/revisions\/691"}],"wp:featuredmedia":[{"embeddable":true,"href":"https:\/\/cmykprinted.com\/tr\/wp-json\/wp\/v2\/media\/683"}],"wp:attachment":[{"href":"https:\/\/cmykprinted.com\/tr\/wp-json\/wp\/v2\/media?parent=682"}],"wp:term":[{"taxonomy":"product_cat","embeddable":true,"href":"https:\/\/cmykprinted.com\/tr\/wp-json\/wp\/v2\/product_cat?post=682"},{"taxonomy":"product_tag","embeddable":true,"href":"https:\/\/cmykprinted.com\/tr\/wp-json\/wp\/v2\/product_tag?post=682"}],"curies":[{"name":"wp","href":"https:\/\/api.w.org\/{rel}","templated":true}]}}