{"id":692,"date":"2022-12-29T10:09:13","date_gmt":"2022-12-29T10:09:13","guid":{"rendered":"https:\/\/cmykprinted.com\/?post_type=product&#038;p=692"},"modified":"2022-12-29T10:44:20","modified_gmt":"2022-12-29T10:44:20","slug":"double-sided-printed-advertising-beach-teardrop-flags-banner","status":"publish","type":"product","link":"https:\/\/cmykprinted.com\/tr\/urun\/double-sided-printed-advertising-beach-teardrop-flags-banner\/","title":{"rendered":"\u00c7ift Tarafl\u0131 Bas\u0131l\u0131 Reklam Plaj G\u00f6zya\u015f\u0131 Bayraklar\u0131 Afi\u015f"},"content":{"rendered":"","protected":false},"excerpt":{"rendered":"<p>G\u00f6zya\u015f\u0131 bayra\u011f\u0131 afi\u015fleri veya g\u00f6zya\u015f\u0131 t\u00fcy\u00fc bayraklar\u0131 olarak da bilinen g\u00f6zya\u015f\u0131 bayraklar\u0131, reklam ve pazarlama amac\u0131yla kullan\u0131lan b\u00fcy\u00fck, g\u00f6zya\u015f\u0131 \u015feklindeki bir bayrak t\u00fcr\u00fcd\u00fcr. Canl\u0131, y\u00fcksek kaliteli grafiklere izin veren boya s\u00fcblimasyon i\u015flemi kullan\u0131larak bayra\u011fa \u00f6zel bir tasar\u0131m bas\u0131larak yap\u0131l\u0131rlar. Bayraklar, b\u00fck\u00fclebilen ve r\u00fczgarl\u0131 ko\u015fullarda bile bayra\u011f\u0131n gergin kalmas\u0131na yard\u0131mc\u0131 olan hafif bir al\u00fcminyum ve fiberglas bayrak dire\u011fine tak\u0131l\u0131d\u0131r. Bayrak dire\u011fi, kullan\u0131c\u0131n\u0131n \u00f6zel ihtiya\u00e7lar\u0131na ve tercihlerine ba\u011fl\u0131 olarak yere yap\u0131\u015ft\u0131r\u0131labilir veya bir bayrak stand\u0131na yerle\u015ftirilebilir.<br \/>\nMa\u011fazan\u0131z\u0131n veya i\u015fletmenizin \u00f6n\u00fcnde damla bayrakl\u0131 bir afi\u015f kullanmak, potansiyel m\u00fc\u015fterilerin ve di\u011fer yoldan ge\u00e7enlerin dikkatini \u00e7ekmenin etkili bir yolu olabilir. Bu bayraklar dikkat \u00e7ekicidir ve i\u015finizi ve \u00fcr\u00fcn veya hizmetlerini etkili bir \u015fekilde tan\u0131tman\u0131za yard\u0131mc\u0131 olabilir. Damla bayrakl\u0131 pankartlar da \u00e7ok y\u00f6nl\u00fcd\u00fcr ve ticari fuarlar, a\u00e7\u0131k hava etkinlikleri ve vitrinler gibi \u00e7e\u015fitli ortamlarda kullan\u0131labilir. \u0130\u015fletmenizin markas\u0131n\u0131 ve mesaj\u0131n\u0131 do\u011fru bir \u015fekilde yans\u0131tan \u00f6zel bir tasar\u0131m se\u00e7erek mesaj\u0131n\u0131z\u0131 etkili bir \u015fekilde iletebilir ve hedef kitleniz \u00fczerinde g\u00fc\u00e7l\u00fc bir izlenim b\u0131rakabilirsiniz.<\/p>\n<div style=\"width: 1280px;\" class=\"wp-video\"><!--[if lt IE 9]><script>document.createElement('video');<\/script><![endif]--><br \/>\n<video class=\"wp-video-shortcode\" id=\"video-692-1\" width=\"1280\" height=\"720\" loop autoplay preload=\"metadata\" controls=\"controls\"><source type=\"video\/mp4\" src=\"http:\/\/cmykprinted.com\/wp-content\/uploads\/2022\/12\/Beach-Teardrop-Flags-Banner.mp4?_=1\" \/><a href=\"http:\/\/cmykprinted.com\/wp-content\/uploads\/2022\/12\/Beach-Teardrop-Flags-Banner.mp4\">http:\/\/cmykprinted.com\/wp-content\/uploads\/2022\/12\/Beach-Teardrop-Flags-Banner.mp4<\/a><\/video><\/div>","protected":false},"featured_media":693,"template":"","meta":{"_kad_post_transparent":"default","_kad_post_title":"hide","_kad_post_layout":"fullwidth","_kad_post_sidebar_id":"","_kad_post_content_style":"unboxed","_kad_post_vertical_padding":"hide","_kad_post_feature":"hide","_kad_post_feature_position":"","_kad_post_header":false,"_kad_post_footer":false},"product_cat":[64,67],"product_tag":[177,176,175,178],"class_list":{"0":"post-692","1":"product","2":"type-product","3":"status-publish","4":"has-post-thumbnail","6":"product_cat-beach-flags","7":"product_cat-teardrop-flags-banners","8":"product_tag-advertising-beach-flags","9":"product_tag-beach-teardrop-banner","10":"product_tag-beach-teardrop-flags","11":"product_tag-teardrop-flags","13":"first","14":"instock","15":"shipping-taxable","16":"product-type-simple","17":"entry","18":"content-bg","19":"loop-entry"},"_links":{"self":[{"href":"https:\/\/cmykprinted.com\/tr\/wp-json\/wp\/v2\/product\/692","targetHints":{"allow":["GET"]}}],"collection":[{"href":"https:\/\/cmykprinted.com\/tr\/wp-json\/wp\/v2\/product"}],"about":[{"href":"https:\/\/cmykprinted.com\/tr\/wp-json\/wp\/v2\/types\/product"}],"version-history":[{"count":4,"href":"https:\/\/cmykprinted.com\/tr\/wp-json\/wp\/v2\/product\/692\/revisions"}],"predecessor-version":[{"id":703,"href":"https:\/\/cmykprinted.com\/tr\/wp-json\/wp\/v2\/product\/692\/revisions\/703"}],"wp:featuredmedia":[{"embeddable":true,"href":"https:\/\/cmykprinted.com\/tr\/wp-json\/wp\/v2\/media\/693"}],"wp:attachment":[{"href":"https:\/\/cmykprinted.com\/tr\/wp-json\/wp\/v2\/media?parent=692"}],"wp:term":[{"taxonomy":"product_cat","embeddable":true,"href":"https:\/\/cmykprinted.com\/tr\/wp-json\/wp\/v2\/product_cat?post=692"},{"taxonomy":"product_tag","embeddable":true,"href":"https:\/\/cmykprinted.com\/tr\/wp-json\/wp\/v2\/product_tag?post=692"}],"curies":[{"name":"wp","href":"https:\/\/api.w.org\/{rel}","templated":true}]}}