{"id":715,"date":"2022-12-29T22:23:16","date_gmt":"2022-12-29T22:23:16","guid":{"rendered":"https:\/\/cmykprinted.com\/?post_type=product&#038;p=715"},"modified":"2022-12-29T22:34:28","modified_gmt":"2022-12-29T22:34:28","slug":"personalized-stretch-fitted-table-cover-tablecloth-with-logo","status":"publish","type":"product","link":"https:\/\/cmykprinted.com\/tr\/urun\/personalized-stretch-fitted-table-cover-tablecloth-with-logo\/","title":{"rendered":"Ki\u015fiselle\u015ftirilmi\u015f Esnek Uyumlu Masa \u00d6rt\u00fcs\u00fc Logolu Masa \u00d6rt\u00fcs\u00fc"},"content":{"rendered":"","protected":false},"excerpt":{"rendered":"<p>Elastan tak\u0131lm\u0131\u015f masa \u00f6rt\u00fcm\u00fcz, 72 in\u00e7 uzunlu\u011funda, 30 in\u00e7 geni\u015fli\u011finde ve 30 in\u00e7 y\u00fcksekli\u011finde katlan\u0131r masa veya ziyafet masas\u0131 \u00fczerine rahat\u00e7a s\u0131\u011facak \u015fekilde \u00f6zel olarak tasarlanm\u0131\u015ft\u0131r. Bu dikd\u00f6rtgen masa \u00f6rt\u00fcs\u00fc, d\u00fc\u011f\u00fcnler, do\u011fum g\u00fcnleri, du\u015flar, ak\u015fam yeme\u011fi provalar\u0131 ve hatta basit aile toplant\u0131lar\u0131 gibi \u00e7e\u015fitli etkinlikler i\u00e7in m\u00fckemmel bir se\u00e7imdir. Birinci s\u0131n\u0131f kalitede stre\u00e7 polyesterden \u00fcretilen 1,8 metre boyundaki spandex masa \u00f6rt\u00fclerimiz, k\u0131r\u0131\u015fmaya ve lekelenmeye kar\u015f\u0131 dayan\u0131kl\u0131 bir yap\u0131ya sahip olacak \u015fekilde uzun s\u00fcre dayanacak \u015fekilde \u00fcretilmi\u015ftir. Ayr\u0131ca, bu masa \u00f6rt\u00fcleri say\u0131s\u0131z kez y\u0131kanabilir, bu da onlar\u0131 herhangi bir etkinlik planlay\u0131c\u0131s\u0131 veya ev sahibi i\u00e7in ekonomik bir se\u00e7im haline getirir. \u0130ster resmi bir etkinli\u011fe, ister s\u0131radan bir toplant\u0131ya ev sahipli\u011fi yap\u0131yor olun, elastanla donat\u0131lm\u0131\u015f masa \u00f6rt\u00fcm\u00fcz, sofra d\u00fczeninize \u00e7ekici ve pratik bir ektir.<\/p>\n<div style=\"width: 1290px;\" class=\"wp-video\"><!--[if lt IE 9]><script>document.createElement('video');<\/script><![endif]--><br \/>\n<video class=\"wp-video-shortcode\" id=\"video-715-1\" width=\"1290\" height=\"726\" loop autoplay preload=\"auto\" controls=\"controls\"><source type=\"video\/mp4\" src=\"http:\/\/cmykprinted.com\/wp-content\/uploads\/2022\/12\/Custom-Stretch-Tablecloth.mp4?_=1\" \/><a href=\"http:\/\/cmykprinted.com\/wp-content\/uploads\/2022\/12\/Custom-Stretch-Tablecloth.mp4\">http:\/\/cmykprinted.com\/wp-content\/uploads\/2022\/12\/Custom-Stretch-Tablecloth.mp4<\/a><\/video><\/div>","protected":false},"featured_media":716,"template":"","meta":{"_kad_post_transparent":"default","_kad_post_title":"hide","_kad_post_layout":"fullwidth","_kad_post_sidebar_id":"","_kad_post_content_style":"unboxed","_kad_post_vertical_padding":"hide","_kad_post_feature":"hide","_kad_post_feature_position":"","_kad_post_header":false,"_kad_post_footer":false},"product_cat":[80,81,83],"product_tag":[185,183,186,184],"class_list":{"0":"post-715","1":"product","2":"type-product","3":"status-publish","4":"has-post-thumbnail","6":"product_cat-custom-tablecloth","7":"product_cat-custom-stretch-tablecloth","8":"product_cat-fitted-table-cover","9":"product_tag-fitted-table-cover","10":"product_tag-personalized-fitted-table-cover","11":"product_tag-personalized-stretch-tablecloth","12":"product_tag-stretch-fitted-table-cover","14":"first","15":"instock","16":"shipping-taxable","17":"product-type-simple","18":"entry","19":"content-bg","20":"loop-entry"},"_links":{"self":[{"href":"https:\/\/cmykprinted.com\/tr\/wp-json\/wp\/v2\/product\/715","targetHints":{"allow":["GET"]}}],"collection":[{"href":"https:\/\/cmykprinted.com\/tr\/wp-json\/wp\/v2\/product"}],"about":[{"href":"https:\/\/cmykprinted.com\/tr\/wp-json\/wp\/v2\/types\/product"}],"version-history":[{"count":1,"href":"https:\/\/cmykprinted.com\/tr\/wp-json\/wp\/v2\/product\/715\/revisions"}],"predecessor-version":[{"id":722,"href":"https:\/\/cmykprinted.com\/tr\/wp-json\/wp\/v2\/product\/715\/revisions\/722"}],"wp:featuredmedia":[{"embeddable":true,"href":"https:\/\/cmykprinted.com\/tr\/wp-json\/wp\/v2\/media\/716"}],"wp:attachment":[{"href":"https:\/\/cmykprinted.com\/tr\/wp-json\/wp\/v2\/media?parent=715"}],"wp:term":[{"taxonomy":"product_cat","embeddable":true,"href":"https:\/\/cmykprinted.com\/tr\/wp-json\/wp\/v2\/product_cat?post=715"},{"taxonomy":"product_tag","embeddable":true,"href":"https:\/\/cmykprinted.com\/tr\/wp-json\/wp\/v2\/product_tag?post=715"}],"curies":[{"name":"wp","href":"https:\/\/api.w.org\/{rel}","templated":true}]}}