{"id":723,"date":"2022-12-30T02:47:50","date_gmt":"2022-12-30T02:47:50","guid":{"rendered":"https:\/\/cmykprinted.com\/?post_type=product&#038;p=723"},"modified":"2022-12-30T03:52:19","modified_gmt":"2022-12-30T03:52:19","slug":"all-weather-outdoor-advertising-pvc-mesh-banner-printing","status":"publish","type":"product","link":"https:\/\/cmykprinted.com\/tr\/urun\/all-weather-outdoor-advertising-pvc-mesh-banner-printing\/","title":{"rendered":"T\u00fcm hava ko\u015fullar\u0131na uygun A\u00e7\u0131k Hava Reklamc\u0131l\u0131\u011f\u0131 PVC Has\u0131r Afi\u015f Bask\u0131"},"content":{"rendered":"","protected":false},"excerpt":{"rendered":"<p>PVC a\u011f afi\u015fimiz, \u015fiddetli r\u00fczgarlara ve di\u011fer zorlu d\u0131\u015f mekan ko\u015fullar\u0131na dayanacak \u015fekilde \u00f6zel olarak tasarlanm\u0131\u015f, olduk\u00e7a \u00f6zel bir malzemedir. Malzemedeki delikler r\u00fczgar\u0131n ge\u00e7mesine izin vererek afi\u015fin zarar g\u00f6rme riskini azalt\u0131r ve y\u0131rt\u0131lma veya u\u00e7ma olas\u0131l\u0131\u011f\u0131n\u0131 en aza indirir.<br \/>\nR\u00fczgara dayan\u0131kl\u0131 \u00f6zelliklerine ek olarak, PVC a\u011f afi\u015f de son derece hafiftir, bu da kurulumu ve ta\u015f\u0131nmas\u0131n\u0131 kolayla\u015ft\u0131r\u0131r. Bu, \u0131\u015f\u0131\u011f\u0131n, sesin ve havan\u0131n ge\u00e7i\u015fine izin veren k\u0131smen \u015feffaf bir malzemenin gerekli oldu\u011fu \u00e7ok \u00e7e\u015fitli \u00f6zel uygulamalar i\u00e7in ideal bir se\u00e7imdir.<br \/>\nHem A\u011f Afi\u015flerimiz hem de Sahne Afi\u015flerimiz, her ikisi de t\u00fcm afi\u015f boyunca \u00e7ok yo\u011fun bir k\u00fc\u00e7\u00fck delik deseniyle delikli olan file PVC veya kuma\u015f AIRTEC malzemesine bas\u0131lm\u0131\u015ft\u0131r. Bu, Sahne Afi\u015flerinin en zorlu ortamlarda bile yap\u0131sal b\u00fct\u00fcnl\u00fc\u011f\u00fcn\u00fc ve g\u00f6rsel \u00e7ekicili\u011fini korumas\u0131n\u0131 sa\u011flar. \u0130ster bir a\u00e7\u0131k hava etkinli\u011fi, ticaret fuar\u0131 veya di\u011fer \u00f6zel g\u00fcnler i\u00e7in bir afi\u015fe ihtiyac\u0131n\u0131z olsun, PVC a\u011f\u0131m\u0131z ve Sahne Afi\u015flerimiz t\u00fcm afi\u015f ihtiya\u00e7lar\u0131n\u0131z i\u00e7in m\u00fckemmel bir se\u00e7imdir.<\/p>\n<div style=\"width: 1280px;\" class=\"wp-video\"><!--[if lt IE 9]><script>document.createElement('video');<\/script><![endif]--><br \/>\n<video class=\"wp-video-shortcode\" id=\"video-723-1\" width=\"1280\" height=\"720\" loop autoplay preload=\"metadata\" controls=\"controls\"><source type=\"video\/mp4\" src=\"http:\/\/cmykprinted.com\/wp-content\/uploads\/2022\/12\/PVC-Mesh-Banner.mp4?_=1\" \/><a href=\"http:\/\/cmykprinted.com\/wp-content\/uploads\/2022\/12\/PVC-Mesh-Banner.mp4\">http:\/\/cmykprinted.com\/wp-content\/uploads\/2022\/12\/PVC-Mesh-Banner.mp4<\/a><\/video><\/div>","protected":false},"featured_media":724,"template":"","meta":{"_kad_post_transparent":"default","_kad_post_title":"hide","_kad_post_layout":"fullwidth","_kad_post_sidebar_id":"","_kad_post_content_style":"unboxed","_kad_post_vertical_padding":"hide","_kad_post_feature":"hide","_kad_post_feature_position":"","_kad_post_header":false,"_kad_post_footer":false},"product_cat":[85,90,91,89,88],"product_tag":[189,191,188,190,187],"class_list":{"0":"post-723","1":"product","2":"type-product","3":"status-publish","4":"has-post-thumbnail","6":"product_cat-outdoor-vinyl-banners","7":"product_cat-glossy-pvc-banners","8":"product_cat-matte-vinyl-banners","9":"product_cat-pvc-banners","10":"product_cat-pvc-mesh-banners","11":"product_tag-advertising-mesh-banner","12":"product_tag-all-weather-mesh-banner","13":"product_tag-mesh-banner-printing","14":"product_tag-outdoor-mesh-banner","15":"product_tag-pvc-mesh-banner","17":"first","18":"instock","19":"shipping-taxable","20":"product-type-simple","21":"entry","22":"content-bg","23":"loop-entry"},"_links":{"self":[{"href":"https:\/\/cmykprinted.com\/tr\/wp-json\/wp\/v2\/product\/723","targetHints":{"allow":["GET"]}}],"collection":[{"href":"https:\/\/cmykprinted.com\/tr\/wp-json\/wp\/v2\/product"}],"about":[{"href":"https:\/\/cmykprinted.com\/tr\/wp-json\/wp\/v2\/types\/product"}],"version-history":[{"count":2,"href":"https:\/\/cmykprinted.com\/tr\/wp-json\/wp\/v2\/product\/723\/revisions"}],"predecessor-version":[{"id":732,"href":"https:\/\/cmykprinted.com\/tr\/wp-json\/wp\/v2\/product\/723\/revisions\/732"}],"wp:featuredmedia":[{"embeddable":true,"href":"https:\/\/cmykprinted.com\/tr\/wp-json\/wp\/v2\/media\/724"}],"wp:attachment":[{"href":"https:\/\/cmykprinted.com\/tr\/wp-json\/wp\/v2\/media?parent=723"}],"wp:term":[{"taxonomy":"product_cat","embeddable":true,"href":"https:\/\/cmykprinted.com\/tr\/wp-json\/wp\/v2\/product_cat?post=723"},{"taxonomy":"product_tag","embeddable":true,"href":"https:\/\/cmykprinted.com\/tr\/wp-json\/wp\/v2\/product_tag?post=723"}],"curies":[{"name":"wp","href":"https:\/\/api.w.org\/{rel}","templated":true}]}}