{"id":733,"date":"2022-12-30T03:56:29","date_gmt":"2022-12-30T03:56:29","guid":{"rendered":"https:\/\/cmykprinted.com\/?post_type=product&#038;p=733"},"modified":"2022-12-30T04:21:48","modified_gmt":"2022-12-30T04:21:48","slug":"promotional-triangle-pop-up-banners-a-frame-pop-out-banners","status":"publish","type":"product","link":"https:\/\/cmykprinted.com\/tr\/urun\/promotional-triangle-pop-up-banners-a-frame-pop-out-banners\/","title":{"rendered":"Promosyon \u00dc\u00e7gen Pop-Up Bannerlar A-\u00c7er\u00e7eve Pop-Out Bannerlar"},"content":{"rendered":"","protected":false},"excerpt":{"rendered":"<p>\u00dc\u00e7gen a\u00e7\u0131l\u0131r afi\u015fler, i\u015fletmenizi veya markan\u0131z\u0131 tan\u0131tman\u0131n \u00e7ok y\u00f6nl\u00fc ve g\u00f6z al\u0131c\u0131 bir yoludur. Kolayca kurulacak ve kald\u0131r\u0131lacak \u015fekilde tasarland\u0131lar, bu da onlar\u0131 ticari fuarlarda, konferanslarda ve di\u011fer etkinliklerde kullan\u0131m i\u00e7in m\u00fckemmel k\u0131l\u0131yor. Dayan\u0131kl\u0131 \u015feftali derisi kuma\u015ftan yap\u0131lan bu afi\u015fler hafiftir ve ta\u015f\u0131mas\u0131 kolayd\u0131r ve saklama i\u00e7in uygun bir ta\u015f\u0131ma \u00e7antas\u0131yla birlikte gelirler.<br \/>\n\u00dc\u00e7gen pop-up banner&#039;lar\u0131m\u0131z kullan\u0131m kolayl\u0131\u011f\u0131n\u0131n yan\u0131 s\u0131ra dikkat \u00e7ekme konusunda da olduk\u00e7a etkilidir. \u0130ster yeni bir \u00fcr\u00fcn lansman\u0131n\u0131n, ister bir indirimin veya yakla\u015fan bir etkinli\u011fin reklam\u0131n\u0131 yapmak isteyin, bu afi\u015fler insanlar\u0131n i\u015fletmenizle ilgilenmesini sa\u011flaman\u0131n harika bir yoludur. Hem i\u00e7 hem de d\u0131\u015f mekanlarda kullan\u0131labilirler ve yay metal \u00e7elikleri ve d\u00fcbel donan\u0131mlar\u0131, kolayca monte ve demonte edilmesini sa\u011flar.<br \/>\n\u0130\u015fletme reklamc\u0131l\u0131\u011f\u0131n\u0131z\u0131 bir sonraki seviyeye ta\u015f\u0131man\u0131n bir yolunu ar\u0131yorsan\u0131z, \u00fc\u00e7gen a\u00e7\u0131l\u0131r bir banner&#039;a yat\u0131r\u0131m yapmay\u0131 d\u00fc\u015f\u00fcn\u00fcn. \u0130\u015fletmenize dikkat \u00e7ekmenin ve potansiyel m\u00fc\u015fteriler \u00fczerinde kal\u0131c\u0131 bir izlenim b\u0131rakman\u0131n harika bir yoludur. Kapsaml\u0131 kurulum k\u0131lavuzumuzla, banner&#039;\u0131n\u0131z\u0131 kolayca kurmak ve indirmek i\u00e7in ihtiyac\u0131n\u0131z olan her \u015feye sahip olacaks\u0131n\u0131z. Dolay\u0131s\u0131yla bu afi\u015fler, bir sonraki etkinlik veya konferanslar\u0131nda dikkatleri \u00fczerine \u00e7ekmek isteyen t\u00fcm i\u015fletmeler i\u00e7in m\u00fckemmel bir se\u00e7imdir.<\/p>\n<div style=\"width: 1280px;\" class=\"wp-video\"><!--[if lt IE 9]><script>document.createElement('video');<\/script><![endif]--><br \/>\n<video class=\"wp-video-shortcode\" id=\"video-733-1\" width=\"1280\" height=\"720\" loop autoplay preload=\"metadata\" controls=\"controls\"><source type=\"video\/mp4\" src=\"http:\/\/cmykprinted.com\/wp-content\/uploads\/2022\/12\/Triangle-Pop-Up-Banners.mp4?_=1\" \/><a href=\"http:\/\/cmykprinted.com\/wp-content\/uploads\/2022\/12\/Triangle-Pop-Up-Banners.mp4\">http:\/\/cmykprinted.com\/wp-content\/uploads\/2022\/12\/Triangle-Pop-Up-Banners.mp4<\/a><\/video><\/div>","protected":false},"featured_media":734,"template":"","meta":{"_kad_post_transparent":"default","_kad_post_title":"hide","_kad_post_layout":"fullwidth","_kad_post_sidebar_id":"","_kad_post_content_style":"unboxed","_kad_post_vertical_padding":"hide","_kad_post_feature":"hide","_kad_post_feature_position":"","_kad_post_header":false,"_kad_post_footer":false},"product_cat":[92,95],"product_tag":[193,194,128,195,192],"class_list":{"0":"post-733","1":"product","2":"type-product","3":"status-publish","4":"has-post-thumbnail","6":"product_cat-pop-up-banners","7":"product_cat-triangle-pop-up-banners","8":"product_tag-a-frame-pop-out-banners","9":"product_tag-pop-out-banners","10":"product_tag-pop-up-banner","11":"product_tag-promotional-pop-up-banners","12":"product_tag-triangle-pop-up-banner","14":"first","15":"instock","16":"shipping-taxable","17":"product-type-simple","18":"entry","19":"content-bg","20":"loop-entry"},"_links":{"self":[{"href":"https:\/\/cmykprinted.com\/tr\/wp-json\/wp\/v2\/product\/733","targetHints":{"allow":["GET"]}}],"collection":[{"href":"https:\/\/cmykprinted.com\/tr\/wp-json\/wp\/v2\/product"}],"about":[{"href":"https:\/\/cmykprinted.com\/tr\/wp-json\/wp\/v2\/types\/product"}],"version-history":[{"count":3,"href":"https:\/\/cmykprinted.com\/tr\/wp-json\/wp\/v2\/product\/733\/revisions"}],"predecessor-version":[{"id":743,"href":"https:\/\/cmykprinted.com\/tr\/wp-json\/wp\/v2\/product\/733\/revisions\/743"}],"wp:featuredmedia":[{"embeddable":true,"href":"https:\/\/cmykprinted.com\/tr\/wp-json\/wp\/v2\/media\/734"}],"wp:attachment":[{"href":"https:\/\/cmykprinted.com\/tr\/wp-json\/wp\/v2\/media?parent=733"}],"wp:term":[{"taxonomy":"product_cat","embeddable":true,"href":"https:\/\/cmykprinted.com\/tr\/wp-json\/wp\/v2\/product_cat?post=733"},{"taxonomy":"product_tag","embeddable":true,"href":"https:\/\/cmykprinted.com\/tr\/wp-json\/wp\/v2\/product_tag?post=733"}],"curies":[{"name":"wp","href":"https:\/\/api.w.org\/{rel}","templated":true}]}}