{"id":744,"date":"2022-12-30T08:55:17","date_gmt":"2022-12-30T08:55:17","guid":{"rendered":"https:\/\/cmykprinted.com\/?post_type=product&#038;p=744"},"modified":"2022-12-30T12:44:27","modified_gmt":"2022-12-30T12:44:27","slug":"straight-tension-fabric-backdrop-media-wall-wholesale-price","status":"publish","type":"product","link":"https:\/\/cmykprinted.com\/tr\/urun\/straight-tension-fabric-backdrop-media-wall-wholesale-price\/","title":{"rendered":"D\u00fcz Gergi Kuma\u015f Zemin Medya Duvar Toptan Fiyat"},"content":{"rendered":"","protected":false},"excerpt":{"rendered":"<p>En \u00e7ok satan d\u00fcz gergi kuma\u015f zeminimiz \u00e7ok y\u00f6nl\u00fcd\u00fcr ve st\u00fcdyo zemini, sahne veya etkinlik arka plan\u0131, foto\u011fraf kabini zemini, bas\u0131n toplant\u0131s\u0131 zemini, \u00f6d\u00fcl t\u00f6reni zemini ve k\u0131rm\u0131z\u0131 hal\u0131 zemini gibi \u00e7e\u015fitli ama\u00e7lar i\u00e7in uygundur. Ayn\u0131 banner \u00fczerinde iki farkl\u0131 tasar\u0131ma yer verme se\u00e7ene\u011fi ile de\u011ferinizi ve ta\u015f\u0131ma kolayl\u0131\u011f\u0131n\u0131z\u0131 en \u00fcst d\u00fczeye \u00e7\u0131karabilirsiniz. Stre\u00e7 kuma\u015f fon sa\u011flam ve esnek 100% makinede y\u0131kanabilir polyesterden yap\u0131lm\u0131\u015ft\u0131r, \u00f6zel kuma\u015f bask\u0131 i\u015flemimiz kullan\u0131larak bas\u0131lm\u0131\u015ft\u0131r, bu da tasar\u0131m\u0131n\u0131z\u0131n birden fazla y\u0131kamadan sonra ve her t\u00fcrl\u00fc hava ko\u015fulunda bile canl\u0131 ve net kalmas\u0131n\u0131 sa\u011flar. Bask\u0131 s\u00fcrecimiz ayn\u0131 zamanda v\u00fccut i\u00e7in daha az sert ve daha g\u00fcvenli olan tamamen do\u011fal, biyolojik olarak par\u00e7alanabilen solventler kullanan eko-solventtir. Hafif ve g\u00fc\u00e7l\u00fc al\u00fcminyum \u00e7er\u00e7eve, kuma\u015f\u0131n esnemesini uzun s\u00fcre desteklemek \u00fczere tasarlanm\u0131\u015ft\u0131r ve ek aletlere ihtiya\u00e7 duymadan kolay ve h\u0131zl\u0131 kurulum i\u00e7in \u00e7\u0131t\u00e7\u0131tl\u0131 kilitli borularla birlikte gelir. Stand, tercih etti\u011finiz boyuta g\u00f6re ayarlanabilir ve kolay ta\u015f\u0131nabilirlik i\u00e7in yuvarlanan sert bir podyum ile birlikte gelir. D\u00fcz gerdirme kuma\u015f zemin, d\u00f6rt ila be\u015f i\u015f g\u00fcn\u00fc i\u00e7inde \u00fccretsiz olarak g\u00f6nderilir.<\/p>\n<div style=\"width: 1280px;\" class=\"wp-video\"><!--[if lt IE 9]><script>document.createElement('video');<\/script><![endif]--><br \/>\n<video class=\"wp-video-shortcode\" id=\"video-744-1\" width=\"1280\" height=\"720\" loop autoplay preload=\"auto\" controls=\"controls\"><source type=\"video\/mp4\" src=\"http:\/\/cmykprinted.com\/wp-content\/uploads\/2022\/12\/Straight-Tension-Fabric-Backdrop.mp4?_=1\" \/><a href=\"http:\/\/cmykprinted.com\/wp-content\/uploads\/2022\/12\/Straight-Tension-Fabric-Backdrop.mp4\">http:\/\/cmykprinted.com\/wp-content\/uploads\/2022\/12\/Straight-Tension-Fabric-Backdrop.mp4<\/a><\/video><\/div>","protected":false},"featured_media":745,"template":"","meta":{"_kad_post_transparent":"default","_kad_post_title":"hide","_kad_post_layout":"fullwidth","_kad_post_sidebar_id":"","_kad_post_content_style":"unboxed","_kad_post_vertical_padding":"hide","_kad_post_feature":"hide","_kad_post_feature_position":"","_kad_post_header":false,"_kad_post_footer":false},"product_cat":[97,100],"product_tag":[196,197,198],"class_list":{"0":"post-744","1":"product","2":"type-product","3":"status-publish","4":"has-post-thumbnail","6":"product_cat-tension-fabric-displays","7":"product_cat-straight-tension-fabric-backdrop","8":"product_tag-straight-tension-fabric-backdrop","9":"product_tag-tension-fabric-backdrop","10":"product_tag-tension-fabric-media-wall","12":"first","13":"instock","14":"shipping-taxable","15":"product-type-simple","16":"entry","17":"content-bg","18":"loop-entry"},"_links":{"self":[{"href":"https:\/\/cmykprinted.com\/tr\/wp-json\/wp\/v2\/product\/744","targetHints":{"allow":["GET"]}}],"collection":[{"href":"https:\/\/cmykprinted.com\/tr\/wp-json\/wp\/v2\/product"}],"about":[{"href":"https:\/\/cmykprinted.com\/tr\/wp-json\/wp\/v2\/types\/product"}],"version-history":[{"count":4,"href":"https:\/\/cmykprinted.com\/tr\/wp-json\/wp\/v2\/product\/744\/revisions"}],"predecessor-version":[{"id":750,"href":"https:\/\/cmykprinted.com\/tr\/wp-json\/wp\/v2\/product\/744\/revisions\/750"}],"wp:featuredmedia":[{"embeddable":true,"href":"https:\/\/cmykprinted.com\/tr\/wp-json\/wp\/v2\/media\/745"}],"wp:attachment":[{"href":"https:\/\/cmykprinted.com\/tr\/wp-json\/wp\/v2\/media?parent=744"}],"wp:term":[{"taxonomy":"product_cat","embeddable":true,"href":"https:\/\/cmykprinted.com\/tr\/wp-json\/wp\/v2\/product_cat?post=744"},{"taxonomy":"product_tag","embeddable":true,"href":"https:\/\/cmykprinted.com\/tr\/wp-json\/wp\/v2\/product_tag?post=744"}],"curies":[{"name":"wp","href":"https:\/\/api.w.org\/{rel}","templated":true}]}}