{"id":751,"date":"2022-12-30T12:03:52","date_gmt":"2022-12-30T12:03:52","guid":{"rendered":"https:\/\/cmykprinted.com\/?post_type=product&#038;p=751"},"modified":"2022-12-30T12:39:33","modified_gmt":"2022-12-30T12:39:33","slug":"multipurpose-wholesale-adhesive-uv-transfer-stickers-labels","status":"publish","type":"product","link":"https:\/\/cmykprinted.com\/tr\/urun\/multipurpose-wholesale-adhesive-uv-transfer-stickers-labels\/","title":{"rendered":"\u00c7ok Ama\u00e7l\u0131 Toptan Yap\u0131\u015fkanl\u0131 UV Transfer Etiketleri Etiketleri"},"content":{"rendered":"","protected":false},"excerpt":{"rendered":"<p>3D stereo efektli UV transfer etiketleri, kendi desenleriniz, logolar\u0131n\u0131z ve metninizle \u00f6zel tasar\u0131mlar olu\u015fturman\u0131za olanak tan\u0131r. Bu \u00e7\u0131kartmalar, g\u00fc\u00e7l\u00fc yap\u0131\u015fkan \u00f6zellikleri ve su ge\u00e7irmezlik \u00f6zellikleriyle bilinen UV transfer macunundan yap\u0131lm\u0131\u015ft\u0131r. Ayr\u0131ca \u00e7izilmelere kar\u015f\u0131 dayan\u0131kl\u0131 olmas\u0131, onu \u00e7e\u015fitli y\u00fczeyler i\u00e7in dayan\u0131kl\u0131 ve uzun \u00f6m\u00fcrl\u00fc bir se\u00e7im haline getirir. Ancak, yap\u0131\u015fkanl\u0131\u011f\u0131n\u0131 etkileyebilece\u011finden, bu \u00e7\u0131kartmalar\u0131n s\u0131cak suya veya \u0131s\u0131tmaya maruz b\u0131rak\u0131lmamas\u0131 gerekti\u011fine dikkat etmek \u00f6nemlidir.<br \/>\nBu \u00e7\u0131kartmalar metal, plastik, cam, boyal\u0131 y\u00fczeyler, kitaplar, karton, ah\u015fap, kartonlar, re\u00e7ine malzemeleri, seramik malzemeler, sert kapak malzemeleri, kalemler, kupalar, \u015fi\u015feler, termoslar, not defterleri gibi \u00e7ok \u00e7e\u015fitli y\u00fczeylerde kullan\u0131labilir. pendrives ve di\u011fer p\u00fcr\u00fczs\u00fcz malzemeler. Kullanmadan \u00f6nce y\u00fczey temiz oldu\u011fu s\u00fcrece araban\u0131za bile uygulanabilirler.<br \/>\nEk olarak, bu \u00e7\u0131kartmalar kal\u0131p kesme veya \u00f6p\u00fcc\u00fck kesme ad\u0131 verilen bir i\u015flem kullan\u0131larak arzu etti\u011finiz herhangi bir \u015fekilde \u00f6zel olarak kesilebilir. Bu, marka bilinci olu\u015fturma, pazarlama veya ki\u015fisel ifade gibi \u00e7e\u015fitli ama\u00e7lar i\u00e7in kullan\u0131labilecek benzersiz ve ki\u015fiselle\u015ftirilmi\u015f \u00e7\u0131kartmalar olu\u015fturman\u0131za olanak tan\u0131r. Dolay\u0131s\u0131yla, bu \u00e7\u0131kartmalar \u00e7ok y\u00f6nl\u00fcd\u00fcr ve \u00e7ok \u00e7e\u015fitli uygulamalarda kullan\u0131labilir.<\/p>\n<div style=\"width: 1280px;\" class=\"wp-video\"><!--[if lt IE 9]><script>document.createElement('video');<\/script><![endif]--><br \/>\n<video class=\"wp-video-shortcode\" id=\"video-751-1\" width=\"1280\" height=\"720\" loop autoplay preload=\"auto\" controls=\"controls\"><source type=\"video\/mp4\" src=\"http:\/\/cmykprinted.com\/wp-content\/uploads\/2022\/12\/UV-transfer-stickers.mp4?_=1\" \/><a href=\"http:\/\/cmykprinted.com\/wp-content\/uploads\/2022\/12\/UV-transfer-stickers.mp4\">http:\/\/cmykprinted.com\/wp-content\/uploads\/2022\/12\/UV-transfer-stickers.mp4<\/a><\/video><\/div>","protected":false},"featured_media":752,"template":"","meta":{"_kad_post_transparent":"default","_kad_post_title":"hide","_kad_post_layout":"fullwidth","_kad_post_sidebar_id":"","_kad_post_content_style":"unboxed","_kad_post_vertical_padding":"hide","_kad_post_feature":"hide","_kad_post_feature_position":"","_kad_post_header":false,"_kad_post_footer":false},"product_cat":[101,103],"product_tag":[202,200,199,138,201],"class_list":{"0":"post-751","1":"product","2":"type-product","3":"status-publish","4":"has-post-thumbnail","6":"product_cat-transfer-stickers","7":"product_cat-uv-transfer-stickers","8":"product_tag-adhesive-transfer-stickers","9":"product_tag-multipurpose-transfer-stickers","10":"product_tag-uv-transfer-labels","11":"product_tag-uv-transfer-stickers","12":"product_tag-wholesale-transfer-stickers","14":"first","15":"instock","16":"shipping-taxable","17":"product-type-simple","18":"entry","19":"content-bg","20":"loop-entry"},"_links":{"self":[{"href":"https:\/\/cmykprinted.com\/tr\/wp-json\/wp\/v2\/product\/751","targetHints":{"allow":["GET"]}}],"collection":[{"href":"https:\/\/cmykprinted.com\/tr\/wp-json\/wp\/v2\/product"}],"about":[{"href":"https:\/\/cmykprinted.com\/tr\/wp-json\/wp\/v2\/types\/product"}],"version-history":[{"count":3,"href":"https:\/\/cmykprinted.com\/tr\/wp-json\/wp\/v2\/product\/751\/revisions"}],"predecessor-version":[{"id":761,"href":"https:\/\/cmykprinted.com\/tr\/wp-json\/wp\/v2\/product\/751\/revisions\/761"}],"wp:featuredmedia":[{"embeddable":true,"href":"https:\/\/cmykprinted.com\/tr\/wp-json\/wp\/v2\/media\/752"}],"wp:attachment":[{"href":"https:\/\/cmykprinted.com\/tr\/wp-json\/wp\/v2\/media?parent=751"}],"wp:term":[{"taxonomy":"product_cat","embeddable":true,"href":"https:\/\/cmykprinted.com\/tr\/wp-json\/wp\/v2\/product_cat?post=751"},{"taxonomy":"product_tag","embeddable":true,"href":"https:\/\/cmykprinted.com\/tr\/wp-json\/wp\/v2\/product_tag?post=751"}],"curies":[{"name":"wp","href":"https:\/\/api.w.org\/{rel}","templated":true}]}}