{"id":778,"date":"2022-12-31T02:58:49","date_gmt":"2022-12-31T02:58:49","guid":{"rendered":"https:\/\/cmykprinted.com\/?post_type=product&#038;p=778"},"modified":"2022-12-31T03:33:16","modified_gmt":"2022-12-31T03:33:16","slug":"heavy-duty-instant-enclosed-10x20ft-pop-up-canopies-gazebo","status":"publish","type":"product","link":"https:\/\/cmykprinted.com\/tr\/urun\/heavy-duty-instant-enclosed-10x20ft-pop-up-canopies-gazebo\/","title":{"rendered":"A\u011f\u0131r Hizmet An\u0131nda Kapal\u0131 10x20ft A\u00e7\u0131l\u0131r Kanopiler Gazebo"},"content":{"rendered":"","protected":false},"excerpt":{"rendered":"<p>10x20ft a\u00e7\u0131l\u0131r tenteler, a\u00e7\u0131k hava etkinlikleri i\u00e7in tasarlanm\u0131\u015ft\u0131r ve kolay ta\u015f\u0131ma i\u00e7in uygun bir ta\u015f\u0131ma \u00e7antas\u0131na sahiptir. 10x20ft a\u00e7\u0131l\u0131r kanopiler, 25 sandalyeli veya ayn\u0131 anda ayakta duran yakla\u015f\u0131k 30 ki\u015finin bulundu\u011fu 8 fitlik dikd\u00f6rtgen bir masay\u0131 bar\u0131nd\u0131rmaya yetecek kadar 200 fit karelik geni\u015f bir g\u00f6lgeleme alan\u0131 sunar. Kanopi, r\u00fczgar ve a\u015f\u0131nma direncinin yan\u0131 s\u0131ra UV30+ korumas\u0131 ve su ge\u00e7irmezlik i\u00e7in PVC kaplamal\u0131 dayan\u0131kl\u0131 420D Oxford kuma\u015ftan yap\u0131lm\u0131\u015ft\u0131r. Alet gerektirmeyen kurulum s\u00fcreci ve 4 konumlu y\u00fckseklik ayarl\u0131 a\u011f\u0131r hizmet tipi \u00e7elik \u00e7er\u00e7eve ile kurulumu h\u0131zl\u0131 ve kolayd\u0131r. Kanopide ayr\u0131ca r\u00fczgar ve zararl\u0131 g\u00fcne\u015f \u0131\u015f\u0131\u011f\u0131ndan ek koruma sa\u011flamak i\u00e7in \u015feffaf pencereli yan duvarlar ve merkezi bir fermuarl\u0131 kap\u0131 bulunurken, d\u0131\u015far\u0131n\u0131n net bir \u015fekilde g\u00f6r\u00fclmesine de izin verilir. Yan duvarlar, c\u0131rt c\u0131rtl\u0131 ba\u011flant\u0131 elemanlar\u0131 ile kanopi \u00e7er\u00e7evesine kolayca tak\u0131l\u0131p \u00e7\u0131kar\u0131labilir.<\/p>\n<div style=\"width: 1280px;\" class=\"wp-video\"><!--[if lt IE 9]><script>document.createElement('video');<\/script><![endif]--><br \/>\n<video class=\"wp-video-shortcode\" id=\"video-778-1\" width=\"1280\" height=\"720\" loop autoplay preload=\"auto\" controls=\"controls\"><source type=\"video\/mp4\" src=\"http:\/\/cmykprinted.com\/wp-content\/uploads\/2022\/12\/10x20ft-Pop-Up-Canopies.mp4?_=1\" \/><a href=\"http:\/\/cmykprinted.com\/wp-content\/uploads\/2022\/12\/10x20ft-Pop-Up-Canopies.mp4\">http:\/\/cmykprinted.com\/wp-content\/uploads\/2022\/12\/10x20ft-Pop-Up-Canopies.mp4<\/a><\/video><\/div>","protected":false},"featured_media":780,"template":"","meta":{"_kad_post_transparent":"default","_kad_post_title":"hide","_kad_post_layout":"fullwidth","_kad_post_sidebar_id":"","_kad_post_content_style":"unboxed","_kad_post_vertical_padding":"hide","_kad_post_feature":"hide","_kad_post_feature_position":"","_kad_post_header":false,"_kad_post_footer":false},"product_cat":[68,72,69],"product_tag":[208,211,209,210],"class_list":{"0":"post-778","1":"product","2":"type-product","3":"status-publish","4":"has-post-thumbnail","6":"product_cat-custom-canopy-tents","7":"product_cat-10x20ft-pop-up-canopies","8":"product_cat-40mm-hexagon-aluminum-tents","9":"product_tag-10x20ft-pop-up-canopies","10":"product_tag-heavy-duty-gazebo","11":"product_tag-heavy-duty-pop-up-canopies","12":"product_tag-instant-pop-up-canopies","14":"first","15":"instock","16":"shipping-taxable","17":"product-type-simple","18":"entry","19":"content-bg","20":"loop-entry"},"_links":{"self":[{"href":"https:\/\/cmykprinted.com\/tr\/wp-json\/wp\/v2\/product\/778","targetHints":{"allow":["GET"]}}],"collection":[{"href":"https:\/\/cmykprinted.com\/tr\/wp-json\/wp\/v2\/product"}],"about":[{"href":"https:\/\/cmykprinted.com\/tr\/wp-json\/wp\/v2\/types\/product"}],"version-history":[{"count":4,"href":"https:\/\/cmykprinted.com\/tr\/wp-json\/wp\/v2\/product\/778\/revisions"}],"predecessor-version":[{"id":790,"href":"https:\/\/cmykprinted.com\/tr\/wp-json\/wp\/v2\/product\/778\/revisions\/790"}],"wp:featuredmedia":[{"embeddable":true,"href":"https:\/\/cmykprinted.com\/tr\/wp-json\/wp\/v2\/media\/780"}],"wp:attachment":[{"href":"https:\/\/cmykprinted.com\/tr\/wp-json\/wp\/v2\/media?parent=778"}],"wp:term":[{"taxonomy":"product_cat","embeddable":true,"href":"https:\/\/cmykprinted.com\/tr\/wp-json\/wp\/v2\/product_cat?post=778"},{"taxonomy":"product_tag","embeddable":true,"href":"https:\/\/cmykprinted.com\/tr\/wp-json\/wp\/v2\/product_tag?post=778"}],"curies":[{"name":"wp","href":"https:\/\/api.w.org\/{rel}","templated":true}]}}