{"id":791,"date":"2022-12-31T06:57:00","date_gmt":"2022-12-31T06:57:00","guid":{"rendered":"https:\/\/cmykprinted.com\/?post_type=product&#038;p=791"},"modified":"2022-12-31T07:06:35","modified_gmt":"2022-12-31T07:06:35","slug":"wall-mounted-promotional-flags-end-sign-flags-custom-printed","status":"publish","type":"product","link":"https:\/\/cmykprinted.com\/tr\/urun\/wall-mounted-promotional-flags-end-sign-flags-custom-printed\/","title":{"rendered":"Duvara Monte Promosyon Bayraklar\u0131 Son \u0130\u015fareti Bayraklar\u0131 \u00d6zel Bask\u0131l\u0131"},"content":{"rendered":"","protected":false},"excerpt":{"rendered":"<p>Duvara monte promosyon bayraklar\u0131m\u0131z sert, dayan\u0131kl\u0131 PVC afi\u015f malzemesine bas\u0131l\u0131r ve uzun d\u0131\u015f mekan \u00f6mr\u00fc i\u00e7in UV m\u00fcrekkebi ile i\u015flenir. 430 mm geni\u015fli\u011finde ve bir tarafta 355 mm ve di\u011fer tarafta 560 mm olan bu bayraklar, g\u00fc\u00e7l\u00fc ancak esnek beyaz PVC&#039;den yap\u0131lm\u0131\u015ft\u0131r ve 750 mm uzunlu\u011funda bir bayrak dire\u011fine sahiptir. Konik soket, direk \u00fczerinde g\u00fcvenli bir tutu\u015f sa\u011flar ve r\u00fczgarl\u0131 ko\u015fullarda bayra\u011f\u0131n kaybolmas\u0131n\u0131 \u00f6nler. Bu bayraklar duvarlara kolayca vidalanabilir ve polipropilen braket, PVC direk, finial ve yaka i\u00e7eren bir kit ile birlikte gelir. Ayr\u0131ca 780gsm g\u00fc\u00e7lendirilmi\u015f hafif blok PVC&#039;den yap\u0131lm\u0131\u015f, vinil uygulamas\u0131na uygun ve sipari\u015f \u00fczerine bas\u0131labilen d\u00fcz &#039;Sergi Bayraklar\u0131&#039; da sunuyoruz. \u00d6zel \u015fekilli bayraklar da mevcuttur. T\u00fcm bayraklar\u0131m\u0131z, en iyi d\u0131\u015f mekan performans\u0131 i\u00e7in s\u00fcper g\u00fc\u00e7l\u00fc medya ve denizcilik s\u0131n\u0131f\u0131 polyester diki\u015flerle yap\u0131lm\u0131\u015ft\u0131r.<\/p>","protected":false},"featured_media":792,"template":"","meta":{"_kad_post_transparent":"default","_kad_post_title":"hide","_kad_post_layout":"fullwidth","_kad_post_sidebar_id":"","_kad_post_content_style":"unboxed","_kad_post_vertical_padding":"hide","_kad_post_feature":"hide","_kad_post_feature_position":"","_kad_post_header":false,"_kad_post_footer":false},"product_cat":[79],"product_tag":[215,213,214,212],"class_list":{"0":"post-791","1":"product","2":"type-product","3":"status-publish","4":"has-post-thumbnail","6":"product_cat-custom-flags","7":"product_tag-custom-promotional-flags","8":"product_tag-end-sign-flags","9":"product_tag-promotional-flags","10":"product_tag-wall-mounted-promotional-flags","12":"first","13":"instock","14":"shipping-taxable","15":"product-type-simple","16":"entry","17":"content-bg","18":"loop-entry"},"_links":{"self":[{"href":"https:\/\/cmykprinted.com\/tr\/wp-json\/wp\/v2\/product\/791","targetHints":{"allow":["GET"]}}],"collection":[{"href":"https:\/\/cmykprinted.com\/tr\/wp-json\/wp\/v2\/product"}],"about":[{"href":"https:\/\/cmykprinted.com\/tr\/wp-json\/wp\/v2\/types\/product"}],"version-history":[{"count":3,"href":"https:\/\/cmykprinted.com\/tr\/wp-json\/wp\/v2\/product\/791\/revisions"}],"predecessor-version":[{"id":799,"href":"https:\/\/cmykprinted.com\/tr\/wp-json\/wp\/v2\/product\/791\/revisions\/799"}],"wp:featuredmedia":[{"embeddable":true,"href":"https:\/\/cmykprinted.com\/tr\/wp-json\/wp\/v2\/media\/792"}],"wp:attachment":[{"href":"https:\/\/cmykprinted.com\/tr\/wp-json\/wp\/v2\/media?parent=791"}],"wp:term":[{"taxonomy":"product_cat","embeddable":true,"href":"https:\/\/cmykprinted.com\/tr\/wp-json\/wp\/v2\/product_cat?post=791"},{"taxonomy":"product_tag","embeddable":true,"href":"https:\/\/cmykprinted.com\/tr\/wp-json\/wp\/v2\/product_tag?post=791"}],"curies":[{"name":"wp","href":"https:\/\/api.w.org\/{rel}","templated":true}]}}