{"id":810,"date":"2022-12-31T13:39:50","date_gmt":"2022-12-31T13:39:50","guid":{"rendered":"https:\/\/cmykprinted.com\/?post_type=product&#038;p=810"},"modified":"2022-12-31T13:53:52","modified_gmt":"2022-12-31T13:53:52","slug":"durable-custom-printed-outdoor-scrim-glossy-vinyl-banner","status":"publish","type":"product","link":"https:\/\/cmykprinted.com\/tr\/urun\/durable-custom-printed-outdoor-scrim-glossy-vinyl-banner\/","title":{"rendered":"Dayan\u0131kl\u0131 \u00d6zel Bask\u0131l\u0131 D\u0131\u015f Mekan Bez Parlak Vinil Afi\u015f"},"content":{"rendered":"","protected":false},"excerpt":{"rendered":"<p>Parlak vinil afi\u015flerimiz, solmaya, y\u0131rt\u0131lmaya ve r\u00fczgara dayan\u0131kl\u0131 olduklar\u0131ndan hem i\u00e7 hem de d\u0131\u015f mekanda kullan\u0131ma uygundur. Ayr\u0131ca \u00e7ok uygun maliyetlidirler, bu da onlar\u0131 b\u00fct\u00e7esi k\u0131s\u0131tl\u0131 olanlar i\u00e7in m\u00fckemmel bir se\u00e7im haline getirir. Bu afi\u015flerde kullan\u0131lan vinil malzemenin parlak ve parlak olmas\u0131, tasar\u0131m\u0131n\u0131zdaki renklerin daha canl\u0131 ve g\u00f6z al\u0131c\u0131 g\u00f6r\u00fcnmesine yard\u0131mc\u0131 olur. Ayr\u0131ca, bu afi\u015flerin ultra p\u00fcr\u00fczs\u00fcz yaz\u0131 y\u00fczeyi, grafiklerinize hayat vermenize yard\u0131mc\u0131 olur.<br \/>\nParlak vinil afi\u015flerimiz, tak\u0131m\u0131n sponsorlar\u0131n\u0131 sergilemek i\u00e7in sahay\u0131 \u00e7evreleyen \u00e7it veya duvara as\u0131labilecekleri futbol ma\u00e7lar\u0131 gibi a\u00e7\u0131k hava etkinlikleri i\u00e7in pop\u00fcler bir se\u00e7imdir. Ayr\u0131ca canl\u0131 ve uygun fiyatl\u0131 bir g\u00f6r\u00fcnt\u00fc olu\u015fturmak i\u00e7in iki a\u011fa\u00e7 aras\u0131nda kolayca as\u0131l\u0131 kalabildikleri i\u00e7in aile toplant\u0131lar\u0131, kurumsal piknikler ve di\u011fer a\u00e7\u0131k hava toplant\u0131lar\u0131 i\u00e7in harika bir se\u00e7imdir. Durum ne olursa olsun, parlak vinil afi\u015flerimiz kesinlikle etkinli\u011finizi \u00f6zel k\u0131lacakt\u0131r.<\/p>\n<div style=\"width: 1290px;\" class=\"wp-video\"><!--[if lt IE 9]><script>document.createElement('video');<\/script><![endif]--><br \/>\n<video class=\"wp-video-shortcode\" id=\"video-810-1\" width=\"1290\" height=\"726\" loop autoplay preload=\"auto\" controls=\"controls\"><source type=\"video\/mp4\" src=\"http:\/\/cmykprinted.com\/wp-content\/uploads\/2022\/12\/vinyl-PVC-banners.mp4?_=1\" \/><a href=\"http:\/\/cmykprinted.com\/wp-content\/uploads\/2022\/12\/vinyl-PVC-banners.mp4\">http:\/\/cmykprinted.com\/wp-content\/uploads\/2022\/12\/vinyl-PVC-banners.mp4<\/a><\/video><\/div>\n<p>&nbsp;<\/p>","protected":false},"featured_media":811,"template":"","meta":{"_kad_post_transparent":"default","_kad_post_title":"hide","_kad_post_layout":"fullwidth","_kad_post_sidebar_id":"","_kad_post_content_style":"unboxed","_kad_post_vertical_padding":"hide","_kad_post_feature":"hide","_kad_post_feature_position":"","_kad_post_header":false,"_kad_post_footer":false},"product_cat":[85,90,91,89],"product_tag":[221,220,219,222],"class_list":{"0":"post-810","1":"product","2":"type-product","3":"status-publish","4":"has-post-thumbnail","6":"product_cat-outdoor-vinyl-banners","7":"product_cat-glossy-pvc-banners","8":"product_cat-matte-vinyl-banners","9":"product_cat-pvc-banners","10":"product_tag-custom-vinyl-banner","11":"product_tag-durable-vinyl-banner","12":"product_tag-glossy-vinyl-banner","13":"product_tag-outdoor-vinyl-banner","15":"first","16":"instock","17":"shipping-taxable","18":"product-type-simple","19":"entry","20":"content-bg","21":"loop-entry"},"_links":{"self":[{"href":"https:\/\/cmykprinted.com\/tr\/wp-json\/wp\/v2\/product\/810","targetHints":{"allow":["GET"]}}],"collection":[{"href":"https:\/\/cmykprinted.com\/tr\/wp-json\/wp\/v2\/product"}],"about":[{"href":"https:\/\/cmykprinted.com\/tr\/wp-json\/wp\/v2\/types\/product"}],"version-history":[{"count":2,"href":"https:\/\/cmykprinted.com\/tr\/wp-json\/wp\/v2\/product\/810\/revisions"}],"predecessor-version":[{"id":817,"href":"https:\/\/cmykprinted.com\/tr\/wp-json\/wp\/v2\/product\/810\/revisions\/817"}],"wp:featuredmedia":[{"embeddable":true,"href":"https:\/\/cmykprinted.com\/tr\/wp-json\/wp\/v2\/media\/811"}],"wp:attachment":[{"href":"https:\/\/cmykprinted.com\/tr\/wp-json\/wp\/v2\/media?parent=810"}],"wp:term":[{"taxonomy":"product_cat","embeddable":true,"href":"https:\/\/cmykprinted.com\/tr\/wp-json\/wp\/v2\/product_cat?post=810"},{"taxonomy":"product_tag","embeddable":true,"href":"https:\/\/cmykprinted.com\/tr\/wp-json\/wp\/v2\/product_tag?post=810"}],"curies":[{"name":"wp","href":"https:\/\/api.w.org\/{rel}","templated":true}]}}