{"id":818,"date":"2022-12-31T14:04:19","date_gmt":"2022-12-31T14:04:19","guid":{"rendered":"https:\/\/cmykprinted.com\/?post_type=product&#038;p=818"},"modified":"2022-12-31T14:16:24","modified_gmt":"2022-12-31T14:16:24","slug":"vertical-pop-up-banners-for-promotional-outdoor-advertising","status":"publish","type":"product","link":"https:\/\/cmykprinted.com\/tr\/urun\/vertical-pop-up-banners-for-promotional-outdoor-advertising\/","title":{"rendered":"Tan\u0131t\u0131msal A\u00e7\u0131k Hava Reklamc\u0131l\u0131\u011f\u0131 i\u00e7in Dikey Pop-Up Bannerlar"},"content":{"rendered":"","protected":false},"excerpt":{"rendered":"<p>Dikey a\u00e7\u0131l\u0131r afi\u015fler, \u00e7ok daha fazla yazd\u0131r\u0131labilir y\u00fczey alan\u0131 sunduklar\u0131 i\u00e7in geleneksel A-\u00e7er\u00e7eveli tasar\u0131mlara harika bir alternatiftir. Bu afi\u015fler, ta\u015f\u0131nmas\u0131, kurulmas\u0131 ve kald\u0131r\u0131lmas\u0131 kolay olacak \u015fekilde tasarlanm\u0131\u015ft\u0131r ve bu da onlar\u0131 etkinlikler, ticari fuarlar ve di\u011fer durumlar i\u00e7in uygun bir se\u00e7im haline getirir. Ayr\u0131ca hem i\u00e7 hem de d\u0131\u015f mekan kullan\u0131m\u0131 i\u00e7in uygundurlar ve daha fazla stabilite i\u00e7in d\u00f6rt zemin \u00e7ivisi ile birlikte gelirler.<br \/>\nDikey pop-up banner&#039;lar\u0131n en \u00f6nemli avantajlar\u0131ndan biri tek par\u00e7a bir birim olmalar\u0131d\u0131r, yani stant ve grafik tek bir birim halinde birle\u015ftirilir. Bu, ayr\u0131 par\u00e7alar hakk\u0131nda endi\u015felenmenize gerek kalmad\u0131\u011f\u0131ndan, bunlar\u0131n ta\u015f\u0131nmas\u0131n\u0131 ve ta\u015f\u0131nmas\u0131n\u0131 kolayla\u015ft\u0131r\u0131r. Grafi\u011fin kendisi, p\u00fcr\u00fczs\u00fcz, dayan\u0131kl\u0131 ve nakliye i\u00e7in kolayca katlanabilen y\u00fcksek kaliteli poli saten kuma\u015f \u00fczerine bas\u0131lm\u0131\u015ft\u0131r.<br \/>\nHer konfig\u00fcrasyonda \u00e7e\u015fitli boyutlar mevcuttur, b\u00f6ylece ihtiya\u00e7lar\u0131n\u0131za en uygun olan\u0131 se\u00e7ebilirsiniz. Ayr\u0131ca, afi\u015finizi bir etkinlikten di\u011ferine saklaman\u0131z\u0131 ve ta\u015f\u0131man\u0131z\u0131 kolayla\u015ft\u0131ran \u00f6zel bir ta\u015f\u0131ma \u00e7antas\u0131 her zaman dahildir. Genel olarak, dikey a\u00e7\u0131l\u0131r banner&#039;lar, markan\u0131z\u0131 veya mesaj\u0131n\u0131z\u0131 b\u00fcy\u00fck bir \u015fekilde sergilemenin \u00e7ok y\u00f6nl\u00fc, kullan\u0131\u015fl\u0131 ve etkili bir yoludur.<\/p>\n<div style=\"width: 1290px;\" class=\"wp-video\"><!--[if lt IE 9]><script>document.createElement('video');<\/script><![endif]--><br \/>\n<video class=\"wp-video-shortcode\" id=\"video-818-1\" width=\"1290\" height=\"726\" loop autoplay preload=\"auto\" controls=\"controls\"><source type=\"video\/mp4\" src=\"http:\/\/cmykprinted.com\/wp-content\/uploads\/2022\/12\/horizontal-pop-up-banners.mp4?_=1\" \/><a href=\"http:\/\/cmykprinted.com\/wp-content\/uploads\/2022\/12\/horizontal-pop-up-banners.mp4\">http:\/\/cmykprinted.com\/wp-content\/uploads\/2022\/12\/horizontal-pop-up-banners.mp4<\/a><\/video><\/div>\n<p>&nbsp;<\/p>","protected":false},"featured_media":819,"template":"","meta":{"_kad_post_transparent":"default","_kad_post_title":"hide","_kad_post_layout":"fullwidth","_kad_post_sidebar_id":"","_kad_post_content_style":"unboxed","_kad_post_vertical_padding":"hide","_kad_post_feature":"hide","_kad_post_feature_position":"","_kad_post_header":false,"_kad_post_footer":false},"product_cat":[92,96],"product_tag":[224,167,225,166,195,223],"class_list":{"0":"post-818","1":"product","2":"type-product","3":"status-publish","4":"has-post-thumbnail","6":"product_cat-pop-up-banners","7":"product_cat-vertical-pop-up-banners","8":"product_tag-advertising-pop-up-banners","9":"product_tag-custom-pop-up-banners","10":"product_tag-outdoor-pop-up-banners","11":"product_tag-pop-up-banners","12":"product_tag-promotional-pop-up-banners","13":"product_tag-vertical-pop-up-banners","15":"first","16":"instock","17":"shipping-taxable","18":"product-type-simple","19":"entry","20":"content-bg","21":"loop-entry"},"_links":{"self":[{"href":"https:\/\/cmykprinted.com\/tr\/wp-json\/wp\/v2\/product\/818","targetHints":{"allow":["GET"]}}],"collection":[{"href":"https:\/\/cmykprinted.com\/tr\/wp-json\/wp\/v2\/product"}],"about":[{"href":"https:\/\/cmykprinted.com\/tr\/wp-json\/wp\/v2\/types\/product"}],"version-history":[{"count":1,"href":"https:\/\/cmykprinted.com\/tr\/wp-json\/wp\/v2\/product\/818\/revisions"}],"predecessor-version":[{"id":825,"href":"https:\/\/cmykprinted.com\/tr\/wp-json\/wp\/v2\/product\/818\/revisions\/825"}],"wp:featuredmedia":[{"embeddable":true,"href":"https:\/\/cmykprinted.com\/tr\/wp-json\/wp\/v2\/media\/819"}],"wp:attachment":[{"href":"https:\/\/cmykprinted.com\/tr\/wp-json\/wp\/v2\/media?parent=818"}],"wp:term":[{"taxonomy":"product_cat","embeddable":true,"href":"https:\/\/cmykprinted.com\/tr\/wp-json\/wp\/v2\/product_cat?post=818"},{"taxonomy":"product_tag","embeddable":true,"href":"https:\/\/cmykprinted.com\/tr\/wp-json\/wp\/v2\/product_tag?post=818"}],"curies":[{"name":"wp","href":"https:\/\/api.w.org\/{rel}","templated":true}]}}