{"id":826,"date":"2022-12-31T14:33:36","date_gmt":"2022-12-31T14:33:36","guid":{"rendered":"https:\/\/cmykprinted.com\/?post_type=product&#038;p=826"},"modified":"2023-02-12T15:14:20","modified_gmt":"2023-02-12T15:14:20","slug":"formulate-exhibition-curved-fabric-display-stand-backdrop","status":"publish","type":"product","link":"https:\/\/cmykprinted.com\/tr\/urun\/formulate-exhibition-curved-fabric-display-stand-backdrop\/","title":{"rendered":"Formulate Sergileme Kavisli Kuma\u015f Sergileme Stand\u0131 Arkaplan\u0131"},"content":{"rendered":"","protected":false},"excerpt":{"rendered":"<p>Kavisli kuma\u015f te\u015fhir stand\u0131, g\u00f6rsel olarak \u00e7arp\u0131c\u0131 bir te\u015fhir olu\u015fturmak i\u00e7in \u00f6ne \u00e7\u0131kan bir se\u00e7enektir. G\u00f6r\u00fcn\u00fcr birle\u015ftirme \u00e7izgileri olmayan tek, y\u00fcksek tan\u0131ml\u0131 bir g\u00f6r\u00fcnt\u00fcye sahiptir. Montaj\u0131 kolayd\u0131r - hafif al\u00fcminyum \u00e7er\u00e7eveyi birbirine tutturun ve bask\u0131l\u0131 kuma\u015f\u0131 bunun \u00fczerine gerin. Kullanmay\u0131 bitirdi\u011finizde, basit\u00e7e indirin, katlay\u0131n ve kolay ta\u015f\u0131ma i\u00e7in ta\u015f\u0131ma \u00e7antas\u0131nda saklay\u0131n. Bu standlar\u0131n depolanmas\u0131 ve ta\u015f\u0131nmas\u0131 geleneksel pop-up fuar standlar\u0131na g\u00f6re \u00e7ok daha uygundur. Konferanslar ve etkinlikler i\u00e7in pop\u00fcler bir se\u00e7im olmas\u0131n\u0131n yan\u0131 s\u0131ra, m\u00fckemmel foto\u011fraf arka planlar\u0131 ve sahne arka planlar\u0131 da olu\u015ftururlar. Kuma\u015f standart olarak her iki y\u00fcze de bas\u0131lm\u0131\u015ft\u0131r ve mesajlar\u0131n\u0131z i\u00e7in size daha fazla alan sa\u011flar. Farkl\u0131 etkinlikler i\u00e7in alternatif kapaklar basmak da kolayd\u0131r.<\/p>","protected":false},"featured_media":827,"template":"","meta":{"_kad_post_transparent":"default","_kad_post_title":"hide","_kad_post_layout":"fullwidth","_kad_post_sidebar_id":"","_kad_post_content_style":"unboxed","_kad_post_vertical_padding":"hide","_kad_post_feature":"hide","_kad_post_feature_position":"","_kad_post_header":false,"_kad_post_footer":false},"product_cat":[97,98],"product_tag":[228,226,227,229],"class_list":{"0":"post-826","1":"product","2":"type-product","3":"status-publish","4":"has-post-thumbnail","6":"product_cat-tension-fabric-displays","7":"product_cat-curved-tension-fabric-pop-up-displays","8":"product_tag-curved-backdrop","9":"product_tag-curved-fabric-display-stand","10":"product_tag-exhibition-curved-display-stand","11":"product_tag-formulate-curved-fabric-display","13":"first","14":"instock","15":"shipping-taxable","16":"product-type-simple","17":"entry","18":"content-bg","19":"loop-entry"},"_links":{"self":[{"href":"https:\/\/cmykprinted.com\/tr\/wp-json\/wp\/v2\/product\/826","targetHints":{"allow":["GET"]}}],"collection":[{"href":"https:\/\/cmykprinted.com\/tr\/wp-json\/wp\/v2\/product"}],"about":[{"href":"https:\/\/cmykprinted.com\/tr\/wp-json\/wp\/v2\/types\/product"}],"version-history":[{"count":1,"href":"https:\/\/cmykprinted.com\/tr\/wp-json\/wp\/v2\/product\/826\/revisions"}],"predecessor-version":[{"id":833,"href":"https:\/\/cmykprinted.com\/tr\/wp-json\/wp\/v2\/product\/826\/revisions\/833"}],"wp:featuredmedia":[{"embeddable":true,"href":"https:\/\/cmykprinted.com\/tr\/wp-json\/wp\/v2\/media\/827"}],"wp:attachment":[{"href":"https:\/\/cmykprinted.com\/tr\/wp-json\/wp\/v2\/media?parent=826"}],"wp:term":[{"taxonomy":"product_cat","embeddable":true,"href":"https:\/\/cmykprinted.com\/tr\/wp-json\/wp\/v2\/product_cat?post=826"},{"taxonomy":"product_tag","embeddable":true,"href":"https:\/\/cmykprinted.com\/tr\/wp-json\/wp\/v2\/product_tag?post=826"}],"curies":[{"name":"wp","href":"https:\/\/api.w.org\/{rel}","templated":true}]}}