{"id":834,"date":"2023-01-01T06:16:03","date_gmt":"2023-01-01T06:16:03","guid":{"rendered":"https:\/\/cmykprinted.com\/?post_type=product&#038;p=834"},"modified":"2023-01-01T06:28:27","modified_gmt":"2023-01-01T06:28:27","slug":"metallic-letters-labels-adhesive-3d-transfer-metal-sticker","status":"publish","type":"product","link":"https:\/\/cmykprinted.com\/tr\/urun\/metallic-letters-labels-adhesive-3d-transfer-metal-sticker\/","title":{"rendered":"Metalik Harf Etiketleri Yap\u0131\u015fkanl\u0131 3D Transfer Metal Etiket"},"content":{"rendered":"","protected":false},"excerpt":{"rendered":"<p>Metalik harfli Etiketler ile m\u00fc\u015fterilerinizin dikkatini kolayca \u00e7ekebilir ve sundu\u011funuz \u00fcr\u00fcnler hakk\u0131nda daha fazla bilgi edinmelerini sa\u011flayabilirsiniz. Bu g\u00f6z al\u0131c\u0131 \u00e7\u0131kartmalar, \u00fcr\u00fcn\u00fcn\u00fcze veya hizmetinize g\u00f6rsel etki katmak ve onu rekabette \u00f6ne \u00e7\u0131karmak i\u00e7in tasarlanm\u0131\u015ft\u0131r.<br \/>\nEn son teknoloji kullan\u0131larak, bu etiketler, teklifinizin alg\u0131lanan de\u011ferini art\u0131ran parlak ve \u00e7ekici bir g\u00f6r\u00fcn\u00fcm veren bir dizi gradyan ve yar\u0131 tonlarda parlak renklerle \u00fcretilir. \u0130ster \u00fcr\u00fcn satma, ister etkinlikleri veya hizmetleri tan\u0131tma i\u015finde olun, bu \u00f6zel etiketler kesinlikle hedef kitlenizin dikkatini \u00e7ekecek ve kalabal\u0131k pazarda \u00f6ne \u00e7\u0131kman\u0131za yard\u0131mc\u0131 olacakt\u0131r.<br \/>\n\u00d6yleyse neden bekleyelim? Metalik harfli Etiketlere bug\u00fcn yat\u0131r\u0131m yap\u0131n ve i\u015fletmenizin yeni zirvelere ula\u015fmas\u0131n\u0131 izleyin!<\/p>\n<div style=\"width: 1280px;\" class=\"wp-video\"><!--[if lt IE 9]><script>document.createElement('video');<\/script><![endif]--><br \/>\n<video class=\"wp-video-shortcode\" id=\"video-834-1\" width=\"1280\" height=\"720\" loop autoplay preload=\"metadata\" controls=\"controls\"><source type=\"video\/mp4\" src=\"http:\/\/cmykprinted.com\/wp-content\/uploads\/2022\/12\/Metal-Transfer-Sticker.mp4?_=1\" \/><a href=\"http:\/\/cmykprinted.com\/wp-content\/uploads\/2022\/12\/Metal-Transfer-Sticker.mp4\">http:\/\/cmykprinted.com\/wp-content\/uploads\/2022\/12\/Metal-Transfer-Sticker.mp4<\/a><\/video><\/div>\n<p>&nbsp;<\/p>","protected":false},"featured_media":835,"template":"","meta":{"_kad_post_transparent":"default","_kad_post_title":"hide","_kad_post_layout":"fullwidth","_kad_post_sidebar_id":"","_kad_post_content_style":"unboxed","_kad_post_vertical_padding":"hide","_kad_post_feature":"hide","_kad_post_feature_position":"","_kad_post_header":false,"_kad_post_footer":false},"product_cat":[101,102],"product_tag":[232,233,230,231],"class_list":{"0":"post-834","1":"product","2":"type-product","3":"status-publish","4":"has-post-thumbnail","6":"product_cat-transfer-stickers","7":"product_cat-metal-transfer-stickers","8":"product_tag-3d-transfer-sticker","9":"product_tag-adhesive-metal-sticker","10":"product_tag-metallic-letters-labels","11":"product_tag-transfer-metal-sticker","13":"first","14":"instock","15":"shipping-taxable","16":"product-type-simple","17":"entry","18":"content-bg","19":"loop-entry"},"_links":{"self":[{"href":"https:\/\/cmykprinted.com\/tr\/wp-json\/wp\/v2\/product\/834","targetHints":{"allow":["GET"]}}],"collection":[{"href":"https:\/\/cmykprinted.com\/tr\/wp-json\/wp\/v2\/product"}],"about":[{"href":"https:\/\/cmykprinted.com\/tr\/wp-json\/wp\/v2\/types\/product"}],"version-history":[{"count":1,"href":"https:\/\/cmykprinted.com\/tr\/wp-json\/wp\/v2\/product\/834\/revisions"}],"predecessor-version":[{"id":841,"href":"https:\/\/cmykprinted.com\/tr\/wp-json\/wp\/v2\/product\/834\/revisions\/841"}],"wp:featuredmedia":[{"embeddable":true,"href":"https:\/\/cmykprinted.com\/tr\/wp-json\/wp\/v2\/media\/835"}],"wp:attachment":[{"href":"https:\/\/cmykprinted.com\/tr\/wp-json\/wp\/v2\/media?parent=834"}],"wp:term":[{"taxonomy":"product_cat","embeddable":true,"href":"https:\/\/cmykprinted.com\/tr\/wp-json\/wp\/v2\/product_cat?post=834"},{"taxonomy":"product_tag","embeddable":true,"href":"https:\/\/cmykprinted.com\/tr\/wp-json\/wp\/v2\/product_tag?post=834"}],"curies":[{"name":"wp","href":"https:\/\/api.w.org\/{rel}","templated":true}]}}