{"id":842,"date":"2023-01-01T06:44:35","date_gmt":"2023-01-01T06:44:35","guid":{"rendered":"https:\/\/cmykprinted.com\/?post_type=product&#038;p=842"},"modified":"2023-01-01T06:50:35","modified_gmt":"2023-01-01T06:50:35","slug":"rectangle-flag-banners-with-custom-printing-fast-delivery","status":"publish","type":"product","link":"https:\/\/cmykprinted.com\/tr\/urun\/rectangle-flag-banners-with-custom-printing-fast-delivery\/","title":{"rendered":"\u00d6zel Bask\u0131 &amp; H\u0131zl\u0131 Teslimat ile Dikd\u00f6rtgen Bayrak Afi\u015fleri"},"content":{"rendered":"","protected":false},"excerpt":{"rendered":"<p>Bir sonraki promosyonunuz veya etkinli\u011finizle b\u00fcy\u00fck bir etki yaratmak istiyorsan\u0131z, logonuz veya tercih etti\u011finiz tasar\u0131mla \u00f6zel bask\u0131l\u0131 dikd\u00f6rtgen bayrakl\u0131 afi\u015fleri d\u00fc\u015f\u00fcn\u00fcn. Bu afi\u015fler \u00fc\u00e7 boyutta mevcuttur - 5 fit, 8 fit veya 11 fit - b\u00f6ylece ihtiya\u00e7lar\u0131n\u0131za en uygun se\u00e7ene\u011fi se\u00e7ebilirsiniz. Birka\u00e7 bayrak arka arkaya dizildi\u011finde, etkinli\u011finize temiz, profesyonel ve heyecan verici bir hava katacak devasa ve g\u00f6rsel olarak etkileyici bir g\u00f6r\u00fcnt\u00fc olu\u015ftururlar.<br \/>\nBu dikd\u00f6rtgen afi\u015flerle ilgili harika \u015feylerden biri, \u00f6n taraftaki \u00f6zel bask\u0131n\u0131n arka tarafta ayna g\u00f6r\u00fcnt\u00fcs\u00fc format\u0131nda g\u00f6r\u00fclebilmesidir. Bu, bunlar\u0131 \u00e7e\u015fitli ayarlarda kullanabilece\u011finiz ve yine de mesaj\u0131n\u0131z\u0131n belirgin bir \u015fekilde g\u00f6r\u00fcnt\u00fclenmesini sa\u011flayabilece\u011finiz anlam\u0131na gelir. Ek olarak, ikili mesajla\u015fmay\u0131 iletmek isteyenler i\u00e7in \u00e7ift tarafl\u0131 bask\u0131 mevcuttur.<br \/>\n\u00d6zel dikd\u00f6rtgen banner&#039;\u0131n\u0131z\u0131 olu\u015fturmaya ba\u015flamak kolayd\u0131r; yukar\u0131daki talimatlar\u0131 kullanarak logonuzu veya tasar\u0131m\u0131n\u0131z\u0131 y\u00fcklemeniz veya a\u015fa\u011f\u0131daki resim \u015fablonunu indirmeniz ve y\u00fcklemek ve kontrol etmek i\u00e7in kendi dosyan\u0131z\u0131 olu\u015fturman\u0131z yeterlidir. Y\u00fcksek kaliteli bask\u0131m\u0131z ve detaylara g\u00f6sterdi\u011fimiz \u00f6zen sayesinde, dikd\u00f6rtgen bayrak afi\u015finizin hedef kitleniz \u00fczerinde kal\u0131c\u0131 bir etki b\u0131rakaca\u011f\u0131ndan emin olabilirsiniz.<\/p>\n<div style=\"width: 1280px;\" class=\"wp-video\"><!--[if lt IE 9]><script>document.createElement('video');<\/script><![endif]--><br \/>\n<video class=\"wp-video-shortcode\" id=\"video-842-1\" width=\"1280\" height=\"720\" loop autoplay preload=\"metadata\" controls=\"controls\"><source type=\"video\/mp4\" src=\"http:\/\/cmykprinted.com\/wp-content\/uploads\/2022\/12\/Feather-beach-flags.mp4?_=1\" \/><a href=\"http:\/\/cmykprinted.com\/wp-content\/uploads\/2022\/12\/Feather-beach-flags.mp4\">http:\/\/cmykprinted.com\/wp-content\/uploads\/2022\/12\/Feather-beach-flags.mp4<\/a><\/video><\/div>","protected":false},"featured_media":843,"template":"","meta":{"_kad_post_transparent":"default","_kad_post_title":"hide","_kad_post_layout":"fullwidth","_kad_post_sidebar_id":"","_kad_post_content_style":"unboxed","_kad_post_vertical_padding":"hide","_kad_post_feature":"hide","_kad_post_feature_position":"","_kad_post_header":false,"_kad_post_footer":false},"product_cat":[64,66],"product_tag":[236,235,234],"class_list":{"0":"post-842","1":"product","2":"type-product","3":"status-publish","4":"has-post-thumbnail","6":"product_cat-beach-flags","7":"product_cat-rectangular-flags-banners","8":"product_tag-custom-rectangle-banners","9":"product_tag-custom-rectangle-flag","10":"product_tag-rectangle-flag-banners","12":"first","13":"instock","14":"shipping-taxable","15":"product-type-simple","16":"entry","17":"content-bg","18":"loop-entry"},"_links":{"self":[{"href":"https:\/\/cmykprinted.com\/tr\/wp-json\/wp\/v2\/product\/842","targetHints":{"allow":["GET"]}}],"collection":[{"href":"https:\/\/cmykprinted.com\/tr\/wp-json\/wp\/v2\/product"}],"about":[{"href":"https:\/\/cmykprinted.com\/tr\/wp-json\/wp\/v2\/types\/product"}],"version-history":[{"count":1,"href":"https:\/\/cmykprinted.com\/tr\/wp-json\/wp\/v2\/product\/842\/revisions"}],"predecessor-version":[{"id":848,"href":"https:\/\/cmykprinted.com\/tr\/wp-json\/wp\/v2\/product\/842\/revisions\/848"}],"wp:featuredmedia":[{"embeddable":true,"href":"https:\/\/cmykprinted.com\/tr\/wp-json\/wp\/v2\/media\/843"}],"wp:attachment":[{"href":"https:\/\/cmykprinted.com\/tr\/wp-json\/wp\/v2\/media?parent=842"}],"wp:term":[{"taxonomy":"product_cat","embeddable":true,"href":"https:\/\/cmykprinted.com\/tr\/wp-json\/wp\/v2\/product_cat?post=842"},{"taxonomy":"product_tag","embeddable":true,"href":"https:\/\/cmykprinted.com\/tr\/wp-json\/wp\/v2\/product_tag?post=842"}],"curies":[{"name":"wp","href":"https:\/\/api.w.org\/{rel}","templated":true}]}}