{"id":849,"date":"2023-01-01T07:11:40","date_gmt":"2023-01-01T07:11:40","guid":{"rendered":"https:\/\/cmykprinted.com\/?post_type=product&#038;p=849"},"modified":"2023-01-01T07:22:48","modified_gmt":"2023-01-01T07:22:48","slug":"custom-small-instant-5x5ft-pop-up-canopy-tents-wholesale","status":"publish","type":"product","link":"https:\/\/cmykprinted.com\/tr\/urun\/custom-small-instant-5x5ft-pop-up-canopy-tents-wholesale\/","title":{"rendered":"\u00d6zel K\u00fc\u00e7\u00fck An\u0131nda 5x5ft A\u00e7\u0131l\u0131r G\u00f6lgelik \u00c7ad\u0131rlar Toptan"},"content":{"rendered":"","protected":false},"excerpt":{"rendered":"<p>Kurulumu ve \u00f6zelle\u015ftirmesi kolay, g\u00fc\u00e7l\u00fc bir promosyon arac\u0131 ar\u0131yorsan\u0131z, 5x5ft&#039;lik a\u00e7\u0131l\u0131r g\u00f6lgelikli \u00e7ad\u0131r harika bir se\u00e7imdir. Bu \u00e7ad\u0131r, \u00f6m\u00fcr boyu garantili y\u00fcksek kaliteli al\u00fcminyum \u00e7er\u00e7eve, tamamen \u00f6zelle\u015ftirilmi\u015f \u00fcst k\u0131s\u0131m ve daha fazla g\u00f6r\u00fcn\u00fcrl\u00fck i\u00e7in arka ve yan ekleme se\u00e7ene\u011fi ile etki yaratmak i\u00e7in tasarlanm\u0131\u015ft\u0131r.<br \/>\nBu \u00e7ad\u0131r\u0131n a\u00e7\u0131l\u0131r tasar\u0131m\u0131, kurulumu inan\u0131lmaz derecede kolayla\u015ft\u0131r\u0131r, b\u00f6ylece mesaj\u0131n\u0131z\u0131 hemen sergilemeye ba\u015flayabilirsiniz. \u0130ster bir ticaret fuar\u0131nda, ister a\u00e7\u0131k hava etkinli\u011finde veya ba\u015fka bir tan\u0131t\u0131m ortam\u0131nda kullan\u0131n, bu \u00e7ad\u0131r kesinlikle hedef kitlenizin dikkatini \u00e7ekecek ve rekabette \u00f6ne \u00e7\u0131kman\u0131za yard\u0131mc\u0131 olacakt\u0131r.<br \/>\n\u00d6yleyse neden bekleyelim? Bug\u00fcn 5x5ft a\u00e7\u0131l\u0131r g\u00f6lgelik \u00e7ad\u0131r\u0131na yat\u0131r\u0131m yap\u0131n ve i\u015finizi veya etkinli\u011finizi \u015f\u0131k bir \u015fekilde tan\u0131tmaya ba\u015flay\u0131n!<\/p>\n<div style=\"width: 1280px;\" class=\"wp-video\"><!--[if lt IE 9]><script>document.createElement('video');<\/script><![endif]--><br \/>\n<video class=\"wp-video-shortcode\" id=\"video-849-1\" width=\"1280\" height=\"720\" loop autoplay preload=\"auto\" controls=\"controls\"><source type=\"video\/mp4\" src=\"http:\/\/cmykprinted.com\/wp-content\/uploads\/2022\/12\/10x20ft-Pop-Up-Canopies.mp4?_=1\" \/><a href=\"http:\/\/cmykprinted.com\/wp-content\/uploads\/2022\/12\/10x20ft-Pop-Up-Canopies.mp4\">http:\/\/cmykprinted.com\/wp-content\/uploads\/2022\/12\/10x20ft-Pop-Up-Canopies.mp4<\/a><\/video><\/div>","protected":false},"featured_media":850,"template":"","meta":{"_kad_post_transparent":"default","_kad_post_title":"hide","_kad_post_layout":"fullwidth","_kad_post_sidebar_id":"","_kad_post_content_style":"unboxed","_kad_post_vertical_padding":"hide","_kad_post_feature":"hide","_kad_post_feature_position":"","_kad_post_header":false,"_kad_post_footer":false},"product_cat":[68,69,73],"product_tag":[238,237,239,240],"class_list":{"0":"post-849","1":"product","2":"type-product","3":"status-publish","4":"has-post-thumbnail","6":"product_cat-custom-canopy-tents","7":"product_cat-40mm-hexagon-aluminum-tents","8":"product_cat-5x5ft-custom-pop-up-canopies","9":"product_tag-5x5ft-canopy-tents","10":"product_tag-5x5ft-pop-up-canopy-tents","11":"product_tag-custom-pop-up-canopy-tents","12":"product_tag-small-pop-up-canopy-tents","14":"first","15":"instock","16":"shipping-taxable","17":"product-type-simple","18":"entry","19":"content-bg","20":"loop-entry"},"_links":{"self":[{"href":"https:\/\/cmykprinted.com\/tr\/wp-json\/wp\/v2\/product\/849","targetHints":{"allow":["GET"]}}],"collection":[{"href":"https:\/\/cmykprinted.com\/tr\/wp-json\/wp\/v2\/product"}],"about":[{"href":"https:\/\/cmykprinted.com\/tr\/wp-json\/wp\/v2\/types\/product"}],"version-history":[{"count":1,"href":"https:\/\/cmykprinted.com\/tr\/wp-json\/wp\/v2\/product\/849\/revisions"}],"predecessor-version":[{"id":857,"href":"https:\/\/cmykprinted.com\/tr\/wp-json\/wp\/v2\/product\/849\/revisions\/857"}],"wp:featuredmedia":[{"embeddable":true,"href":"https:\/\/cmykprinted.com\/tr\/wp-json\/wp\/v2\/media\/850"}],"wp:attachment":[{"href":"https:\/\/cmykprinted.com\/tr\/wp-json\/wp\/v2\/media?parent=849"}],"wp:term":[{"taxonomy":"product_cat","embeddable":true,"href":"https:\/\/cmykprinted.com\/tr\/wp-json\/wp\/v2\/product_cat?post=849"},{"taxonomy":"product_tag","embeddable":true,"href":"https:\/\/cmykprinted.com\/tr\/wp-json\/wp\/v2\/product_tag?post=849"}],"curies":[{"name":"wp","href":"https:\/\/api.w.org\/{rel}","templated":true}]}}