{"id":858,"date":"2023-01-01T07:50:37","date_gmt":"2023-01-01T07:50:37","guid":{"rendered":"https:\/\/cmykprinted.com\/?post_type=product&#038;p=858"},"modified":"2023-01-01T07:57:12","modified_gmt":"2023-01-01T07:57:12","slug":"custom-branded-promotional-hand-held-stick-flags-printing","status":"publish","type":"product","link":"https:\/\/cmykprinted.com\/tr\/urun\/custom-branded-promotional-hand-held-stick-flags-printing\/","title":{"rendered":"\u00d6zel Markal\u0131 Promosyon Elde Tutulan \u00c7ubuk Bayrak Bask\u0131s\u0131"},"content":{"rendered":"","protected":false},"excerpt":{"rendered":"<p>Elde tutulan \u00e7ubuk bayraklar, marka g\u00f6r\u00fcn\u00fcrl\u00fc\u011f\u00fcn\u00fc art\u0131rmak ve ge\u00e7it t\u00f6renlerinde, spor etkinliklerinde ve di\u011fer a\u00e7\u0131k hava toplant\u0131lar\u0131nda hedef kitleleriyle etkile\u015fim kurmak isteyen i\u015fletmeler ve kurulu\u015flar i\u00e7in pop\u00fcler bir se\u00e7imdir. Bu bayraklar \u00f6zellikle \u00e7ocuklar ve onlar\u0131 sallamaktan ve belirli bir amaca veya tak\u0131ma desteklerini g\u00f6stermekten keyif alan di\u011fer kat\u0131l\u0131mc\u0131lar aras\u0131nda pop\u00fclerdir.<br \/>\nElde tutulan \u00e7ubuk bayraklar\u0131n en \u00f6nemli sat\u0131\u015f noktalar\u0131ndan biri, i\u015fletmelerin tak\u0131l\u0131 \u00e7ubu\u011fun etraf\u0131ndaki beyaz \u015ferit d\u0131\u015f\u0131nda g\u00f6r\u00fcnt\u00fclenen alan\u0131n her milimetresini kullanmas\u0131na olanak tan\u0131yan geni\u015f marka alan\u0131d\u0131r. Bu, i\u015fletmelerin marka kimliklerini, logolar\u0131n\u0131 ve mesajlar\u0131n\u0131 sergilemeleri i\u00e7in geni\u015f bir alan sa\u011flayarak geni\u015f ve al\u0131c\u0131 bir kitle taraf\u0131ndan g\u00f6r\u00fclmelerini sa\u011flar.<br \/>\nEl tipi \u00e7ubuk bayraklar, etkili bir pazarlama arac\u0131 olman\u0131n yan\u0131 s\u0131ra, markalar\u0131n\u0131 tan\u0131tmak isteyen i\u015fletmeler ve kurulu\u015flar i\u00e7in uygun fiyatl\u0131 bir se\u00e7imdir. Polyester veya naylon gibi dayan\u0131kl\u0131 malzemelerden yap\u0131lm\u0131\u015ft\u0131r ve kolay sallama i\u00e7in tahta veya plastik bir \u00e7ubu\u011fa sahiptir. Bu bayraklar hafiftir ve ta\u015f\u0131mas\u0131 kolayd\u0131r, bu da onlar\u0131 a\u00e7\u0131k hava etkinlikleri i\u00e7in pratik bir se\u00e7im haline getirir.<br \/>\nGenel olarak elde tutulan \u00e7ubuk bayraklar, bir marka kimli\u011fini tan\u0131tmak ve \u00e7e\u015fitli etkinliklerde g\u00f6r\u00fcn\u00fcrl\u00fc\u011f\u00fc art\u0131rmak i\u00e7in kullan\u0131labilen, uygun maliyetli ve etkile\u015fimli bir pazarlama arac\u0131d\u0131r.<\/p>\n<div style=\"width: 1290px;\" class=\"wp-video\"><!--[if lt IE 9]><script>document.createElement('video');<\/script><![endif]--><br \/>\n<video class=\"wp-video-shortcode\" id=\"video-858-1\" width=\"1290\" height=\"726\" loop autoplay preload=\"auto\" controls=\"controls\"><source type=\"video\/mp4\" src=\"http:\/\/cmykprinted.com\/wp-content\/uploads\/2022\/12\/Custom-Printed-Hand-Flags.mp4?_=1\" \/><a href=\"http:\/\/cmykprinted.com\/wp-content\/uploads\/2022\/12\/Custom-Printed-Hand-Flags.mp4\">http:\/\/cmykprinted.com\/wp-content\/uploads\/2022\/12\/Custom-Printed-Hand-Flags.mp4<\/a><\/video><\/div>\n<p>&nbsp;<\/p>","protected":false},"featured_media":859,"template":"","meta":{"_kad_post_transparent":"default","_kad_post_title":"hide","_kad_post_layout":"fullwidth","_kad_post_sidebar_id":"","_kad_post_content_style":"unboxed","_kad_post_vertical_padding":"hide","_kad_post_feature":"hide","_kad_post_feature_position":"","_kad_post_header":false,"_kad_post_footer":false},"product_cat":[79],"product_tag":[153,243,241,242],"class_list":{"0":"post-858","1":"product","2":"type-product","3":"status-publish","4":"has-post-thumbnail","6":"product_cat-custom-flags","7":"product_tag-custom-hand-flags","8":"product_tag-hand-flags-printing","9":"product_tag-hand-held-stick-flags","10":"product_tag-promotional-hand-flags","12":"first","13":"instock","14":"shipping-taxable","15":"product-type-simple","16":"entry","17":"content-bg","18":"loop-entry"},"_links":{"self":[{"href":"https:\/\/cmykprinted.com\/tr\/wp-json\/wp\/v2\/product\/858","targetHints":{"allow":["GET"]}}],"collection":[{"href":"https:\/\/cmykprinted.com\/tr\/wp-json\/wp\/v2\/product"}],"about":[{"href":"https:\/\/cmykprinted.com\/tr\/wp-json\/wp\/v2\/types\/product"}],"version-history":[{"count":2,"href":"https:\/\/cmykprinted.com\/tr\/wp-json\/wp\/v2\/product\/858\/revisions"}],"predecessor-version":[{"id":865,"href":"https:\/\/cmykprinted.com\/tr\/wp-json\/wp\/v2\/product\/858\/revisions\/865"}],"wp:featuredmedia":[{"embeddable":true,"href":"https:\/\/cmykprinted.com\/tr\/wp-json\/wp\/v2\/media\/859"}],"wp:attachment":[{"href":"https:\/\/cmykprinted.com\/tr\/wp-json\/wp\/v2\/media?parent=858"}],"wp:term":[{"taxonomy":"product_cat","embeddable":true,"href":"https:\/\/cmykprinted.com\/tr\/wp-json\/wp\/v2\/product_cat?post=858"},{"taxonomy":"product_tag","embeddable":true,"href":"https:\/\/cmykprinted.com\/tr\/wp-json\/wp\/v2\/product_tag?post=858"}],"curies":[{"name":"wp","href":"https:\/\/api.w.org\/{rel}","templated":true}]}}