{"id":875,"date":"2023-01-01T08:42:13","date_gmt":"2023-01-01T08:42:13","guid":{"rendered":"https:\/\/cmykprinted.com\/?post_type=product&#038;p=875"},"modified":"2023-01-01T08:53:01","modified_gmt":"2023-01-01T08:53:01","slug":"wholesale-personalized-advertising-matte-pvc-vinyl-banner","status":"publish","type":"product","link":"https:\/\/cmykprinted.com\/tr\/urun\/wholesale-personalized-advertising-matte-pvc-vinyl-banner\/","title":{"rendered":"Toptan Ki\u015fiselle\u015ftirilmi\u015f Reklam Mat PVC Vinil Banner"},"content":{"rendered":"","protected":false},"excerpt":{"rendered":"<p>\u0130\u015fletmeniz i\u00e7in uzun \u00f6m\u00fcrl\u00fc ve dayan\u0131kl\u0131 bir reklam \u00e7\u00f6z\u00fcm\u00fcne ihtiyac\u0131n\u0131z varsa, mat PVC vinil afi\u015flerimiz m\u00fckemmel bir se\u00e7im olabilir. Sa\u011flam PVC esnek malzemeden \u00fcretilen bu afi\u015fler, sert d\u0131\u015f unsurlara kar\u015f\u0131 m\u00fckemmel esneklik ve dayan\u0131kl\u0131l\u0131k sunarak onlar\u0131 d\u0131\u015f mekanda kullan\u0131ma uygun hale getirir.<br \/>\n\u0130ster bir etkinli\u011fi tan\u0131t\u0131yor, ister \u00fcr\u00fcnlerinizi veya hizmetlerinizi sergiliyor veya yaln\u0131zca \u00f6nemli bilgileri hedef kitlenizle payla\u015f\u0131yor olun, \u00f6zel mat afi\u015flerimiz etkili ve uygun maliyetli bir se\u00e7imdir. Dayan\u0131kl\u0131 yap\u0131lar\u0131, d\u0131\u015f etkenlere dayanmalar\u0131na ve uzun s\u00fcreli hizmet vermelerine olanak tan\u0131r, b\u00f6ylece gerekti\u011finde yeniden kullanabilirsiniz.<br \/>\nMat PVC vinil afi\u015f kullanman\u0131n faydalar\u0131ndan biri, tesisinizin genel reklam giderlerini d\u00fc\u015f\u00fcrmeye yard\u0131mc\u0131 olabilmesidir. \u00c7ok dayan\u0131kl\u0131 ve uzun \u00f6m\u00fcrl\u00fc olduklar\u0131 i\u00e7in s\u0131k s\u0131k sat\u0131n alma veya de\u011fi\u015ftirme konusunda endi\u015felenmenize gerek kalmayacak. Bu, uzun vadede zamandan ve paradan tasarruf etmenizi sa\u011flarken, ayn\u0131 zamanda banner&#039;lar\u0131n\u0131z\u0131n en iyi durumda kalmas\u0131n\u0131 ve i\u015finizi etkili bir \u015fekilde tan\u0131tmaya devam etmesini sa\u011flar.<br \/>\nSonu\u00e7 olarak, mat PVC vinil afi\u015flerimiz, i\u015fletmenizin a\u00e7\u0131k havada reklam\u0131n\u0131 yapmak i\u00e7in g\u00fcvenilir ve uygun maliyetli bir se\u00e7imdir. Sa\u011flam malzemeleri ve dayan\u0131kl\u0131 yap\u0131lar\u0131, uzun s\u00fcreli kullan\u0131ma uygun hale getirerek paradan tasarruf etmenize ve reklam hedeflerinize ula\u015fman\u0131za yard\u0131mc\u0131 olur.<\/p>\n<div style=\"width: 1280px;\" class=\"wp-video\"><!--[if lt IE 9]><script>document.createElement('video');<\/script><![endif]--><br \/>\n<video class=\"wp-video-shortcode\" id=\"video-875-1\" width=\"1280\" height=\"720\" loop autoplay preload=\"metadata\" controls=\"controls\"><source type=\"video\/mp4\" src=\"http:\/\/cmykprinted.com\/wp-content\/uploads\/2022\/12\/PVC-Mesh-Banner.mp4?_=1\" \/><a href=\"http:\/\/cmykprinted.com\/wp-content\/uploads\/2022\/12\/PVC-Mesh-Banner.mp4\">http:\/\/cmykprinted.com\/wp-content\/uploads\/2022\/12\/PVC-Mesh-Banner.mp4<\/a><\/video><\/div>","protected":false},"featured_media":876,"template":"","meta":{"_kad_post_transparent":"default","_kad_post_title":"hide","_kad_post_layout":"fullwidth","_kad_post_sidebar_id":"","_kad_post_content_style":"unboxed","_kad_post_vertical_padding":"hide","_kad_post_feature":"hide","_kad_post_feature_position":"","_kad_post_header":false,"_kad_post_footer":false},"product_cat":[85,90,91,89,88],"product_tag":[189,191,188,190,187],"class_list":{"0":"post-875","1":"product","2":"type-product","3":"status-publish","4":"has-post-thumbnail","6":"product_cat-outdoor-vinyl-banners","7":"product_cat-glossy-pvc-banners","8":"product_cat-matte-vinyl-banners","9":"product_cat-pvc-banners","10":"product_cat-pvc-mesh-banners","11":"product_tag-advertising-mesh-banner","12":"product_tag-all-weather-mesh-banner","13":"product_tag-mesh-banner-printing","14":"product_tag-outdoor-mesh-banner","15":"product_tag-pvc-mesh-banner","17":"first","18":"instock","19":"shipping-taxable","20":"product-type-simple","21":"entry","22":"content-bg","23":"loop-entry"},"_links":{"self":[{"href":"https:\/\/cmykprinted.com\/tr\/wp-json\/wp\/v2\/product\/875","targetHints":{"allow":["GET"]}}],"collection":[{"href":"https:\/\/cmykprinted.com\/tr\/wp-json\/wp\/v2\/product"}],"about":[{"href":"https:\/\/cmykprinted.com\/tr\/wp-json\/wp\/v2\/types\/product"}],"version-history":[{"count":2,"href":"https:\/\/cmykprinted.com\/tr\/wp-json\/wp\/v2\/product\/875\/revisions"}],"predecessor-version":[{"id":883,"href":"https:\/\/cmykprinted.com\/tr\/wp-json\/wp\/v2\/product\/875\/revisions\/883"}],"wp:featuredmedia":[{"embeddable":true,"href":"https:\/\/cmykprinted.com\/tr\/wp-json\/wp\/v2\/media\/876"}],"wp:attachment":[{"href":"https:\/\/cmykprinted.com\/tr\/wp-json\/wp\/v2\/media?parent=875"}],"wp:term":[{"taxonomy":"product_cat","embeddable":true,"href":"https:\/\/cmykprinted.com\/tr\/wp-json\/wp\/v2\/product_cat?post=875"},{"taxonomy":"product_tag","embeddable":true,"href":"https:\/\/cmykprinted.com\/tr\/wp-json\/wp\/v2\/product_tag?post=875"}],"curies":[{"name":"wp","href":"https:\/\/api.w.org\/{rel}","templated":true}]}}