{"id":884,"date":"2023-01-01T12:57:04","date_gmt":"2023-01-01T12:57:04","guid":{"rendered":"https:\/\/cmykprinted.com\/?post_type=product&#038;p=884"},"modified":"2023-01-01T13:07:05","modified_gmt":"2023-01-01T13:07:05","slug":"portable-advertising-a-frame-round-pop-up-banners-stand","status":"publish","type":"product","link":"https:\/\/cmykprinted.com\/tr\/urun\/tasinabilir-reklamcilik-bir-cerceve-yuvarlak-acilir-afisler-stand\/","title":{"rendered":"Ta\u015f\u0131nabilir Reklam A-\u00c7er\u00e7eve Yuvarlak Pop-Up Afi\u015f Stand\u0131"},"content":{"rendered":"","protected":false},"excerpt":{"rendered":"<p>Yuvarlak a\u00e7\u0131l\u0131r pankartlar, kald\u0131r\u0131m sergileri i\u00e7in benzersiz ve yerden tasarruf sa\u011flayan bir se\u00e7enek sunar. Bu pankartlar, do\u011frudan g\u00fcne\u015f \u0131\u015f\u0131\u011f\u0131na maruz kald\u0131\u011f\u0131nda bile uzun \u00f6m\u00fcrl\u00fc ve dayan\u0131kl\u0131 sonu\u00e7lar sa\u011flayan bir bask\u0131 y\u00f6ntemi olan boya s\u00fcblimasyonu ile bas\u0131l\u0131r. \u00c7elik \u00e7er\u00e7eve kullan\u0131m\u0131, bu pankartlar\u0131 hafif ve sa\u011flam hale getirir ve istenirse pankart\u0131 yere sabitlemek i\u00e7in kullan\u0131labilen mandallarla birlikte gelir. Bu a\u00e7\u0131l\u0131r pankartlar \u00e7ok y\u00f6nl\u00fcd\u00fcr ve hem i\u00e7 hem de d\u0131\u015f mekanlarda kullan\u0131labilir, bu da onlar\u0131 spor etkinlikleri, turnuvalar, festivaller, kayak merkezleri ve daha fazlas\u0131 gibi \u00e7e\u015fitli etkinlikler ve yerler i\u00e7in harika bir se\u00e7im haline getirir. Kalabal\u0131k ve yo\u011fun bir ortamda bir a\u00e7\u0131klama yapmak ve \u00f6ne \u00e7\u0131kmak isteyen herkes i\u00e7in ideal bir se\u00e7imdir.<\/p>\n<div style=\"width: 1280px;\" class=\"wp-video\"><!--[if lt IE 9]><script>document.createElement('video');<\/script><![endif]--><br \/>\n<video class=\"wp-video-shortcode\" id=\"video-884-1\" width=\"1280\" height=\"720\" loop autoplay preload=\"metadata\" controls=\"controls\"><source type=\"video\/mp4\" src=\"http:\/\/cmykprinted.com\/wp-content\/uploads\/2022\/12\/Triangle-Pop-Up-Banners.mp4?_=1\" \/><a href=\"http:\/\/cmykprinted.com\/wp-content\/uploads\/2022\/12\/Triangle-Pop-Up-Banners.mp4\">http:\/\/cmykprinted.com\/wp-content\/uploads\/2022\/12\/Triangle-Pop-Up-Banners.mp4<\/a><\/video><\/div>","protected":false},"featured_media":885,"template":"","meta":{"_kad_post_transparent":"default","_kad_post_title":"hide","_kad_post_layout":"fullwidth","_kad_post_sidebar_id":"","_kad_post_content_style":"unboxed","_kad_post_vertical_padding":"hide","_kad_post_feature":"hide","_kad_post_feature_position":"","_kad_post_header":false,"_kad_post_footer":false},"product_cat":[92,93],"product_tag":[248,224,249,247],"class_list":{"0":"post-884","1":"product","2":"type-product","3":"status-publish","4":"has-post-thumbnail","6":"product_cat-pop-up-banners","7":"product_cat-circle-pop-up-banners","8":"product_tag-a-frame-pop-up-banne","9":"product_tag-advertising-pop-up-banners","10":"product_tag-portable-pop-up-banners","11":"product_tag-round-pop-up-banners","13":"first","14":"instock","15":"shipping-taxable","16":"product-type-simple","17":"entry","18":"content-bg","19":"loop-entry"},"_links":{"self":[{"href":"https:\/\/cmykprinted.com\/tr\/wp-json\/wp\/v2\/product\/884","targetHints":{"allow":["GET"]}}],"collection":[{"href":"https:\/\/cmykprinted.com\/tr\/wp-json\/wp\/v2\/product"}],"about":[{"href":"https:\/\/cmykprinted.com\/tr\/wp-json\/wp\/v2\/types\/product"}],"version-history":[{"count":1,"href":"https:\/\/cmykprinted.com\/tr\/wp-json\/wp\/v2\/product\/884\/revisions"}],"predecessor-version":[{"id":892,"href":"https:\/\/cmykprinted.com\/tr\/wp-json\/wp\/v2\/product\/884\/revisions\/892"}],"wp:featuredmedia":[{"embeddable":true,"href":"https:\/\/cmykprinted.com\/tr\/wp-json\/wp\/v2\/media\/885"}],"wp:attachment":[{"href":"https:\/\/cmykprinted.com\/tr\/wp-json\/wp\/v2\/media?parent=884"}],"wp:term":[{"taxonomy":"product_cat","embeddable":true,"href":"https:\/\/cmykprinted.com\/tr\/wp-json\/wp\/v2\/product_cat?post=884"},{"taxonomy":"product_tag","embeddable":true,"href":"https:\/\/cmykprinted.com\/tr\/wp-json\/wp\/v2\/product_tag?post=884"}],"curies":[{"name":"wp","href":"https:\/\/api.w.org\/{rel}","templated":true}]}}