{"id":904,"date":"2023-01-11T13:28:48","date_gmt":"2023-01-11T13:28:48","guid":{"rendered":"https:\/\/cmykprinted.com\/?post_type=product&#038;p=904"},"modified":"2023-01-12T06:44:08","modified_gmt":"2023-01-12T06:44:08","slug":"uv-3d-dtf-vinyl-adhesive-transfer-stickers-labels-printing","status":"publish","type":"product","link":"https:\/\/cmykprinted.com\/tr\/urun\/uv-3d-dtf-vinyl-adhesive-transfer-stickers-labels-printing\/","title":{"rendered":"UV 3D DTF Vinil Yap\u0131\u015fkanl\u0131 Transfer Etiketleri Etiketler Bask\u0131"},"content":{"rendered":"","protected":false},"excerpt":{"rendered":"<p>E\u015fsiz bir 3D stereo efektine sahip yeni \u00f6zel UV \u00e7\u0131kartmam\u0131zla tan\u0131\u015f\u0131n. \u00c7\u0131kartmalar i\u00e7in kendi deseninizi, logonuzu veya metninizi tasarlayabilirsiniz. UV transfer macunundan yap\u0131lan \u00e7\u0131kartmalar son derece yap\u0131\u015fkand\u0131r, su ge\u00e7irmezdir ve \u00e7izilmelere kar\u015f\u0131 dayan\u0131kl\u0131d\u0131r. Ancak, s\u0131cak su kullan\u0131m\u0131n\u0131n veya \u0131s\u0131tman\u0131n macunun yap\u0131\u015fkanl\u0131\u011f\u0131n\u0131 etkileyebilece\u011fini unutmamak \u00f6nemlidir. Bu \u00e7\u0131kartmalar metal, plastik, cam, boyal\u0131 y\u00fczeyler, kitaplar, karton, ah\u015fap ve hatta arabalar dahil olmak \u00fczere \u00e7e\u015fitli p\u00fcr\u00fczs\u00fcz y\u00fczeylere uygulanabilir (uygulamadan \u00f6nce y\u00fczeyin temiz oldu\u011fundan emin olun). \u00c7\u0131kartmalar\u0131n bask\u0131 boyutu A3&#039;t\u00fcr (11X16 in\u00e7) ve alaca\u011f\u0131n\u0131z \u00e7\u0131kartma miktar\u0131 se\u00e7ti\u011finiz boyuta g\u00f6re de\u011fi\u015fir. Daha fazla miktara ihtiyac\u0131n\u0131z varsa, l\u00fctfen \u00f6nceden bize bildirin. Ayr\u0131ca, en iyi sonu\u00e7lar\u0131 elde etmek i\u00e7in l\u00fctfen y\u00fcksek kaliteli, y\u00fcksek \u00e7\u00f6z\u00fcn\u00fcrl\u00fckl\u00fc, net, daha b\u00fcy\u00fck, makro modunda ve odaklanm\u0131\u015f resimler y\u00fckleyin. Foto\u011fraf\u0131n kalitesi ne kadar y\u00fcksek olursa, nihai etki o kadar iyi olur.<\/p>\n<div style=\"width: 1280px;\" class=\"wp-video\"><!--[if lt IE 9]><script>document.createElement('video');<\/script><![endif]--><br \/>\n<video class=\"wp-video-shortcode\" id=\"video-904-1\" width=\"1280\" height=\"720\" loop autoplay preload=\"auto\" controls=\"controls\"><source type=\"video\/mp4\" src=\"http:\/\/cmykprinted.com\/wp-content\/uploads\/2022\/12\/UV-transfer-stickers.mp4?_=1\" \/><a href=\"http:\/\/cmykprinted.com\/wp-content\/uploads\/2022\/12\/UV-transfer-stickers.mp4\">http:\/\/cmykprinted.com\/wp-content\/uploads\/2022\/12\/UV-transfer-stickers.mp4<\/a><\/video><\/div>","protected":false},"featured_media":905,"template":"","meta":{"_kad_post_transparent":"default","_kad_post_title":"hide","_kad_post_layout":"fullwidth","_kad_post_sidebar_id":"","_kad_post_content_style":"unboxed","_kad_post_vertical_padding":"hide","_kad_post_feature":"hide","_kad_post_feature_position":"","_kad_post_header":false,"_kad_post_footer":false},"product_cat":[101,103],"product_tag":[202,252,251,250],"class_list":{"0":"post-904","1":"product","2":"type-product","3":"status-publish","4":"has-post-thumbnail","6":"product_cat-transfer-stickers","7":"product_cat-uv-transfer-stickers","8":"product_tag-adhesive-transfer-stickers","9":"product_tag-dtf-transfer-stickers","10":"product_tag-uv-3d-stickers","11":"product_tag-vinyl-transfer-stickers","13":"first","14":"instock","15":"shipping-taxable","16":"product-type-simple","17":"entry","18":"content-bg","19":"loop-entry"},"_links":{"self":[{"href":"https:\/\/cmykprinted.com\/tr\/wp-json\/wp\/v2\/product\/904","targetHints":{"allow":["GET"]}}],"collection":[{"href":"https:\/\/cmykprinted.com\/tr\/wp-json\/wp\/v2\/product"}],"about":[{"href":"https:\/\/cmykprinted.com\/tr\/wp-json\/wp\/v2\/types\/product"}],"version-history":[{"count":3,"href":"https:\/\/cmykprinted.com\/tr\/wp-json\/wp\/v2\/product\/904\/revisions"}],"predecessor-version":[{"id":912,"href":"https:\/\/cmykprinted.com\/tr\/wp-json\/wp\/v2\/product\/904\/revisions\/912"}],"wp:featuredmedia":[{"embeddable":true,"href":"https:\/\/cmykprinted.com\/tr\/wp-json\/wp\/v2\/media\/905"}],"wp:attachment":[{"href":"https:\/\/cmykprinted.com\/tr\/wp-json\/wp\/v2\/media?parent=904"}],"wp:term":[{"taxonomy":"product_cat","embeddable":true,"href":"https:\/\/cmykprinted.com\/tr\/wp-json\/wp\/v2\/product_cat?post=904"},{"taxonomy":"product_tag","embeddable":true,"href":"https:\/\/cmykprinted.com\/tr\/wp-json\/wp\/v2\/product_tag?post=904"}],"curies":[{"name":"wp","href":"https:\/\/api.w.org\/{rel}","templated":true}]}}