{"id":913,"date":"2023-01-13T12:49:09","date_gmt":"2023-01-13T12:49:09","guid":{"rendered":"https:\/\/cmykprinted.com\/?post_type=product&#038;p=913"},"modified":"2023-01-13T12:59:43","modified_gmt":"2023-01-13T12:59:43","slug":"custom-personalized-teardrop-shaped-advertising-flags","status":"publish","type":"product","link":"https:\/\/cmykprinted.com\/tr\/urun\/custom-personalized-teardrop-shaped-advertising-flags\/","title":{"rendered":"Ki\u015fiye \u00d6zel Damla \u015eekilli Reklam Bayraklar\u0131"},"content":{"rendered":"","protected":false},"excerpt":{"rendered":"<p>Ku\u015f t\u00fcy\u00fc afi\u015fler olarak da bilinen g\u00f6zya\u015f\u0131 \u015feklindeki reklam bayraklar\u0131, i\u015finizi tan\u0131tman\u0131n ve potansiyel m\u00fc\u015fterilerin dikkatini \u00e7ekmenin m\u00fckemmel bir yoludur. Mevcut \u00e7e\u015fitli se\u00e7eneklerle bayraklar\u0131m\u0131z hem i\u00e7 hem de d\u0131\u015f mekanlarda kullan\u0131labilir, bu da onlar\u0131 her i\u015fletme i\u00e7in \u00e7ok y\u00f6nl\u00fc bir se\u00e7im haline getirir.<br \/>\nBayraklar\u0131m\u0131z, herhangi bir yere yerle\u015ftirilebilmelerini sa\u011flamak i\u00e7in zemin sivri u\u00e7lar\u0131 ve \u00e7apraz tabanlar dahil olmak \u00fczere birden fazla taban se\u00e7ene\u011fiyle gelir. Ayr\u0131ca tek tarafl\u0131 ve \u00e7ift tarafl\u0131 bask\u0131 se\u00e7enekleri sunarak reklam\u0131n\u0131z\u0131n her a\u00e7\u0131dan g\u00f6r\u00fclebilmesini sa\u011fl\u0131yoruz.<br \/>\nBayraklar\u0131m\u0131z dayan\u0131kl\u0131 3,24 oz&#039;dan yap\u0131lm\u0131\u015ft\u0131r. polyester kuma\u015f ve elementlere dayanabilmeleri ve uzun s\u00fcre dayanabilmeleri i\u00e7in UV diren\u00e7li m\u00fcrekkeple bas\u0131lm\u0131\u015ft\u0131r. Bayraklar ayr\u0131ca hafiftir ve ta\u015f\u0131mas\u0131 kolayd\u0131r, bu da onlar\u0131 etkinlikler ve ticari fuarlar i\u00e7in m\u00fckemmel k\u0131lar.<br \/>\nDirek tak\u0131mlar\u0131m\u0131zdan birini sat\u0131n ald\u0131\u011f\u0131n\u0131zda, bayra\u011f\u0131n\u0131z\u0131 farkl\u0131 yerlere ta\u015f\u0131man\u0131z\u0131 kolayla\u015ft\u0131ran bir seyahat ta\u015f\u0131ma \u00e7antas\u0131 da alacaks\u0131n\u0131z. Kaliteli bayraklar\u0131m\u0131z ve uygun seyahat se\u00e7eneklerimiz ile gitti\u011finiz her yerde i\u015fletmenizin g\u00f6r\u00fclece\u011finden emin olabilirsiniz.<\/p>\n<div style=\"width: 1280px;\" class=\"wp-video\"><!--[if lt IE 9]><script>document.createElement('video');<\/script><![endif]--><br \/>\n<video class=\"wp-video-shortcode\" id=\"video-913-1\" width=\"1280\" height=\"720\" loop autoplay preload=\"metadata\" controls=\"controls\"><source type=\"video\/mp4\" src=\"http:\/\/cmykprinted.com\/wp-content\/uploads\/2022\/12\/Feather-beach-flags.mp4?_=1\" \/><a href=\"http:\/\/cmykprinted.com\/wp-content\/uploads\/2022\/12\/Feather-beach-flags.mp4\">http:\/\/cmykprinted.com\/wp-content\/uploads\/2022\/12\/Feather-beach-flags.mp4<\/a><\/video><\/div>","protected":false},"featured_media":914,"template":"","meta":{"_kad_post_transparent":"default","_kad_post_title":"hide","_kad_post_layout":"fullwidth","_kad_post_sidebar_id":"","_kad_post_content_style":"unboxed","_kad_post_vertical_padding":"hide","_kad_post_feature":"hide","_kad_post_feature_position":"","_kad_post_header":false,"_kad_post_footer":false},"product_cat":[64,67],"product_tag":[254,255,256,253],"class_list":{"0":"post-913","1":"product","2":"type-product","3":"status-publish","4":"has-post-thumbnail","6":"product_cat-beach-flags","7":"product_cat-teardrop-flags-banners","8":"product_tag-custom-teardrop-flags","9":"product_tag-personalized-teardrop-flags","10":"product_tag-teardrop-advertising-flags","11":"product_tag-teardrop-shaped-advertising-flags","13":"first","14":"instock","15":"shipping-taxable","16":"product-type-simple","17":"entry","18":"content-bg","19":"loop-entry"},"_links":{"self":[{"href":"https:\/\/cmykprinted.com\/tr\/wp-json\/wp\/v2\/product\/913","targetHints":{"allow":["GET"]}}],"collection":[{"href":"https:\/\/cmykprinted.com\/tr\/wp-json\/wp\/v2\/product"}],"about":[{"href":"https:\/\/cmykprinted.com\/tr\/wp-json\/wp\/v2\/types\/product"}],"version-history":[{"count":2,"href":"https:\/\/cmykprinted.com\/tr\/wp-json\/wp\/v2\/product\/913\/revisions"}],"predecessor-version":[{"id":920,"href":"https:\/\/cmykprinted.com\/tr\/wp-json\/wp\/v2\/product\/913\/revisions\/920"}],"wp:featuredmedia":[{"embeddable":true,"href":"https:\/\/cmykprinted.com\/tr\/wp-json\/wp\/v2\/media\/914"}],"wp:attachment":[{"href":"https:\/\/cmykprinted.com\/tr\/wp-json\/wp\/v2\/media?parent=913"}],"wp:term":[{"taxonomy":"product_cat","embeddable":true,"href":"https:\/\/cmykprinted.com\/tr\/wp-json\/wp\/v2\/product_cat?post=913"},{"taxonomy":"product_tag","embeddable":true,"href":"https:\/\/cmykprinted.com\/tr\/wp-json\/wp\/v2\/product_tag?post=913"}],"curies":[{"name":"wp","href":"https:\/\/api.w.org\/{rel}","templated":true}]}}