{"id":921,"date":"2023-01-13T13:12:06","date_gmt":"2023-01-13T13:12:06","guid":{"rendered":"https:\/\/cmykprinted.com\/?post_type=product&#038;p=921"},"modified":"2023-01-13T13:59:27","modified_gmt":"2023-01-13T13:59:27","slug":"promotional-5-x-5-pop-up-tent-outdoor-indoor-canopy-tent","status":"publish","type":"product","link":"https:\/\/cmykprinted.com\/tr\/urun\/promotional-5-x-5-pop-up-tent-outdoor-indoor-canopy-tent\/","title":{"rendered":"Promosyon 5\u2032 x 5\u2032 A\u00e7\u0131l\u0131r \u00c7ad\u0131r A\u00e7\u0131k ve Kapal\u0131 G\u00f6lgelik \u00c7ad\u0131r"},"content":{"rendered":"","protected":false},"excerpt":{"rendered":"<p>Bu 5\u00d75 a\u00e7\u0131l\u0131r \u00e7ad\u0131r, kald\u0131r\u0131m sat\u0131\u015f\u0131n\u0131zda, \u00e7ift\u00e7i pazar\u0131ndaki stand\u0131n\u0131zda veya a\u00e7\u0131k hava etkinli\u011finizde g\u00f6lge ve bar\u0131nak sa\u011flamak i\u00e7in m\u00fckemmel bir \u00e7\u00f6z\u00fcmd\u00fcr. Beyaz, ye\u015fil, k\u0131rm\u0131z\u0131, lacivert ve siyah gibi \u00e7e\u015fitli renklerde mevcut olan etkinli\u011finize veya markan\u0131za en uygun rengi se\u00e7ebilirsiniz. \u00c7ad\u0131r, dayan\u0131kl\u0131 al\u00fcminyumdan yap\u0131lm\u0131\u015ft\u0131r ve saniyeler i\u00e7inde kolayca monte edilmesini sa\u011flar ve kullan\u0131m\u0131n\u0131z bitti\u011finde tekerlekli bir ta\u015f\u0131ma \u00e7antas\u0131na s\u0131\u011farak ta\u015f\u0131nmas\u0131n\u0131 ve saklanmas\u0131n\u0131 kolayla\u015ft\u0131r\u0131r.<br \/>\nBu ticari 5\u00d75 a\u00e7\u0131l\u0131r \u00e7ad\u0131r, ankraj kaz\u0131klar\u0131yla s\u0131k\u0131ca yerinde tutulur ve toplam 25 fit kare g\u00f6lge olu\u015fturur. Yakla\u015f\u0131k iki \u00e7im sandalyeye veya k\u00fc\u00e7\u00fck bir masaya rahat\u00e7a s\u0131\u011fd\u0131\u011f\u0131ndan ve 30 MPH&#039;lik r\u00fczgarlara dayanabildi\u011finden, a\u00e7\u0131k hava etkinlikleri, k\u00fc\u00e7\u00fck check-in kabinleri, spor kar\u015f\u0131la\u015fmalar\u0131 veya plaj gezileri i\u00e7in m\u00fckemmeldir. Renkli polyester tente yang\u0131n geciktiricidir ve g\u00fcvenli bir ticari \u00e7\u00f6z\u00fcm i\u00e7in hidrostatik bas\u0131n\u00e7 testi sertifikal\u0131d\u0131r. \u00c7ekme pimi serbest b\u0131rakma teleskop ayaklar\u0131, yerine kilitlenen itme kollar\u0131 ile be\u015f y\u00fckseklik ayar\u0131na ayarlanabilir.<br \/>\nTicari s\u0131n\u0131f 5\u00d75 a\u00e7\u0131l\u0131r \u00e7ad\u0131r\u0131m\u0131z, saniyeler i\u00e7inde i\u015f veya oyun i\u00e7in h\u0131zl\u0131 bir \u015fekilde g\u00f6lgeli bir alan kurman\u0131n uygun bir yoludur. \u0130ster bir i\u015fletme y\u00fcr\u00fct\u00fcyor olun, ister sadece a\u00e7\u0131k havada e\u011flenmenin uygun bir yolunu ar\u0131yor olun, bu \u00e7ad\u0131r m\u00fckemmel bir se\u00e7imdir. Dayan\u0131kl\u0131 al\u00fcminyum \u00e7er\u00e7evesi ve montaj\u0131 kolay tasar\u0131m\u0131 ile her t\u00fcrl\u00fc etkinlik veya d\u0131\u015f mekan toplant\u0131s\u0131 i\u00e7in m\u00fckemmel bir tamamlay\u0131c\u0131d\u0131r.<\/p>\n<div style=\"width: 1280px;\" class=\"wp-video\"><!--[if lt IE 9]><script>document.createElement('video');<\/script><![endif]--><br \/>\n<video class=\"wp-video-shortcode\" id=\"video-921-1\" width=\"1280\" height=\"720\" loop autoplay preload=\"auto\" controls=\"controls\"><source type=\"video\/mp4\" src=\"http:\/\/cmykprinted.com\/wp-content\/uploads\/2022\/12\/10x20ft-Pop-Up-Canopies.mp4?_=1\" \/><a href=\"http:\/\/cmykprinted.com\/wp-content\/uploads\/2022\/12\/10x20ft-Pop-Up-Canopies.mp4\">http:\/\/cmykprinted.com\/wp-content\/uploads\/2022\/12\/10x20ft-Pop-Up-Canopies.mp4<\/a><\/video><\/div>","protected":false},"featured_media":922,"template":"","meta":{"_kad_post_transparent":"default","_kad_post_title":"hide","_kad_post_layout":"fullwidth","_kad_post_sidebar_id":"","_kad_post_content_style":"unboxed","_kad_post_vertical_padding":"hide","_kad_post_feature":"hide","_kad_post_feature_position":"","_kad_post_header":false,"_kad_post_footer":false},"product_cat":[68,74,78],"product_tag":[257,259,258,260],"class_list":{"0":"post-921","1":"product","2":"type-product","3":"status-publish","4":"has-post-thumbnail","6":"product_cat-custom-canopy-tents","7":"product_cat-50mm-heavy-duty-hexagon-aluminum-tents","8":"product_cat-5x5ft-custom-pop-up-canopies-50mm-heavy-duty-hexagon-aluminum-tents-custom-canopy-tents","9":"product_tag-5-x-5-pop-up-tent","10":"product_tag-indoor-canopy-tent","11":"product_tag-outdoor-canopy-tent","12":"product_tag-promotional-pop-up-tent","14":"first","15":"instock","16":"shipping-taxable","17":"product-type-simple","18":"entry","19":"content-bg","20":"loop-entry"},"_links":{"self":[{"href":"https:\/\/cmykprinted.com\/tr\/wp-json\/wp\/v2\/product\/921","targetHints":{"allow":["GET"]}}],"collection":[{"href":"https:\/\/cmykprinted.com\/tr\/wp-json\/wp\/v2\/product"}],"about":[{"href":"https:\/\/cmykprinted.com\/tr\/wp-json\/wp\/v2\/types\/product"}],"version-history":[{"count":2,"href":"https:\/\/cmykprinted.com\/tr\/wp-json\/wp\/v2\/product\/921\/revisions"}],"predecessor-version":[{"id":929,"href":"https:\/\/cmykprinted.com\/tr\/wp-json\/wp\/v2\/product\/921\/revisions\/929"}],"wp:featuredmedia":[{"embeddable":true,"href":"https:\/\/cmykprinted.com\/tr\/wp-json\/wp\/v2\/media\/922"}],"wp:attachment":[{"href":"https:\/\/cmykprinted.com\/tr\/wp-json\/wp\/v2\/media?parent=921"}],"wp:term":[{"taxonomy":"product_cat","embeddable":true,"href":"https:\/\/cmykprinted.com\/tr\/wp-json\/wp\/v2\/product_cat?post=921"},{"taxonomy":"product_tag","embeddable":true,"href":"https:\/\/cmykprinted.com\/tr\/wp-json\/wp\/v2\/product_tag?post=921"}],"curies":[{"name":"wp","href":"https:\/\/api.w.org\/{rel}","templated":true}]}}