{"id":930,"date":"2023-01-15T04:21:00","date_gmt":"2023-01-15T04:21:00","guid":{"rendered":"https:\/\/cmykprinted.com\/?post_type=product&#038;p=930"},"modified":"2023-01-15T05:50:05","modified_gmt":"2023-01-15T05:50:05","slug":"cheapest-personalized-custom-printed-handheld-stick-flag","status":"publish","type":"product","link":"https:\/\/cmykprinted.com\/tr\/urun\/cheapest-personalized-custom-printed-handheld-stick-flag\/","title":{"rendered":"En Ucuz Ki\u015fiselle\u015ftirilmi\u015f \u00d6zel Bask\u0131l\u0131 El Sopa Bayra\u011f\u0131"},"content":{"rendered":"","protected":false},"excerpt":{"rendered":"<p>El tipi \u00e7ubuk bayrak, etkinliklerinizi veya promosyonlar\u0131n\u0131z\u0131 sergilemek i\u00e7in uygun maliyetli ve g\u00f6rsel olarak \u00e7ekici bir yoldur. Bunlar\u0131 normal \u00f6zel bayraklar\u0131m\u0131z gibi \u00f6zelle\u015ftirerek, ancak tutmas\u0131 kolay daha k\u00fc\u00e7\u00fck bir boyutla, herhangi bir ticaret fuar\u0131, spor kar\u015f\u0131la\u015fmas\u0131, ge\u00e7it t\u00f6reni, konferans veya etkinlik i\u00e7in m\u00fckemmel bir tamamlay\u0131c\u0131d\u0131r. Bu bayraklar dayan\u0131kl\u0131 polyester kuma\u015ftan yap\u0131lm\u0131\u015ft\u0131r ve renklerin parlak ve g\u00fc\u00e7l\u00fc olmas\u0131n\u0131 sa\u011flayan s\u00fcblimasyon ile bas\u0131lm\u0131\u015ft\u0131r. Bayraklar plastik veya ah\u015fap bir d\u00fcbel ile tamamlan\u0131r ve her bayrak, bayra\u011f\u0131n g\u00fcvenli bir \u015fekilde yerinde kalmas\u0131n\u0131 sa\u011flayan bir bayrak man\u015fonu arac\u0131l\u0131\u011f\u0131yla \u00e7ubu\u011fa tutturulur. \u0130ster bir i\u015fletmeyi, ister bir amac\u0131 veya \u00f6zel bir etkinli\u011fi tan\u0131t\u0131yor olun, bu bayraklar mesaj\u0131n\u0131z\u0131 oraya iletmenin harika bir yoludur.<\/p>","protected":false},"featured_media":931,"template":"","meta":{"_kad_post_transparent":"default","_kad_post_title":"hide","_kad_post_layout":"fullwidth","_kad_post_sidebar_id":"","_kad_post_content_style":"unboxed","_kad_post_vertical_padding":"hide","_kad_post_feature":"hide","_kad_post_feature_position":"","_kad_post_header":false,"_kad_post_footer":false},"product_cat":[79],"product_tag":[263,262,154,261],"class_list":{"0":"post-930","1":"product","2":"type-product","3":"status-publish","4":"has-post-thumbnail","6":"product_cat-custom-flags","7":"product_tag-cheapest-stick-flag","8":"product_tag-custom-stick-flag","9":"product_tag-handheld-stick-flag","10":"product_tag-personalized-stick-flag","12":"first","13":"instock","14":"shipping-taxable","15":"product-type-simple","16":"entry","17":"content-bg","18":"loop-entry"},"_links":{"self":[{"href":"https:\/\/cmykprinted.com\/tr\/wp-json\/wp\/v2\/product\/930","targetHints":{"allow":["GET"]}}],"collection":[{"href":"https:\/\/cmykprinted.com\/tr\/wp-json\/wp\/v2\/product"}],"about":[{"href":"https:\/\/cmykprinted.com\/tr\/wp-json\/wp\/v2\/types\/product"}],"version-history":[{"count":2,"href":"https:\/\/cmykprinted.com\/tr\/wp-json\/wp\/v2\/product\/930\/revisions"}],"predecessor-version":[{"id":937,"href":"https:\/\/cmykprinted.com\/tr\/wp-json\/wp\/v2\/product\/930\/revisions\/937"}],"wp:featuredmedia":[{"embeddable":true,"href":"https:\/\/cmykprinted.com\/tr\/wp-json\/wp\/v2\/media\/931"}],"wp:attachment":[{"href":"https:\/\/cmykprinted.com\/tr\/wp-json\/wp\/v2\/media?parent=930"}],"wp:term":[{"taxonomy":"product_cat","embeddable":true,"href":"https:\/\/cmykprinted.com\/tr\/wp-json\/wp\/v2\/product_cat?post=930"},{"taxonomy":"product_tag","embeddable":true,"href":"https:\/\/cmykprinted.com\/tr\/wp-json\/wp\/v2\/product_tag?post=930"}],"curies":[{"name":"wp","href":"https:\/\/api.w.org\/{rel}","templated":true}]}}