{"id":938,"date":"2023-01-15T14:03:34","date_gmt":"2023-01-15T14:03:34","guid":{"rendered":"https:\/\/cmykprinted.com\/?post_type=product&#038;p=938"},"modified":"2023-01-15T14:14:31","modified_gmt":"2023-01-15T14:14:31","slug":"trade-show-fitted-custom-stretch-table-cover-tablecloth","status":"publish","type":"product","link":"https:\/\/cmykprinted.com\/tr\/urun\/trade-show-fitted-custom-stretch-table-cover-tablecloth\/","title":{"rendered":"Fuar Tak\u0131l\u0131 \u00d6zel Esnek Masa \u00d6rt\u00fcs\u00fc Masa \u00d6rt\u00fcs\u00fc"},"content":{"rendered":"","protected":false},"excerpt":{"rendered":"<p>Hem yeni hem de mevcut m\u00fc\u015fteriler \u00fczerinde iyi bir izlenim b\u0131rakmak istedi\u011finiz i\u00e7in bir i\u015f etkinli\u011fine ev sahipli\u011fi yapmak zor olabilir. Stre\u00e7 masa \u00f6rt\u00fclerimiz, stand\u0131n\u0131z\u0131 s\u00fcslemek ve i\u015fletmenizi tan\u0131tmak i\u00e7in m\u00fckemmel bir \u00e7\u00f6z\u00fcmd\u00fcr. \u015e\u0131k spandeks \u00f6rt\u00fc se\u00e7imimiz b\u00fct\u00e7e dostudur ve masalar\u0131n\u0131z\u0131n g\u00f6r\u00fcn\u00fcm\u00fcn\u00fc g\u00fczelle\u015ftirmek i\u00e7in kullan\u0131labilir. Dayan\u0131kl\u0131 180GSM stre\u00e7 kuma\u015ftan \u00fcretilen k\u0131l\u0131flar\u0131m\u0131z y\u0131rt\u0131lmaya kar\u015f\u0131 dayan\u0131kl\u0131d\u0131r ve birden fazla etkinlik i\u00e7in tekrar kullan\u0131labilir. Tam renkli 1440-DPI bask\u0131 teknolojimizle, kapaklardaki grafikler canl\u0131 ve keskindir, kat\u0131l\u0131mc\u0131lar\u0131n kesinlikle dikkatini \u00e7eker. K\u0131l\u0131flar\u0131m\u0131z\u0131n iki modeli mevcuttur: arkas\u0131 fermuarl\u0131 ve 3 tarafl\u0131, her ikisinin de kurulumu kolayd\u0131r ve g\u00fcvenli bir \u015fekilde yerinde kal\u0131r. Spandex stre\u00e7 masa \u00f6rt\u00fcleri \u00e7ok y\u00f6nl\u00fc ve b\u00fct\u00e7e dostudur, bu da onlar\u0131 tatil partileri, ticari fuarlar ve daha fazlas\u0131 gibi her t\u00fcrl\u00fc etkinlik i\u00e7in m\u00fckemmel k\u0131lar.<\/p>","protected":false},"featured_media":939,"template":"","meta":{"_kad_post_transparent":"default","_kad_post_title":"hide","_kad_post_layout":"fullwidth","_kad_post_sidebar_id":"","_kad_post_content_style":"unboxed","_kad_post_vertical_padding":"hide","_kad_post_feature":"hide","_kad_post_feature_position":"","_kad_post_header":false,"_kad_post_footer":false},"product_cat":[80,81],"product_tag":[117,265,264,266],"class_list":{"0":"post-938","1":"product","2":"type-product","3":"status-publish","4":"has-post-thumbnail","6":"product_cat-custom-tablecloth","7":"product_cat-custom-stretch-tablecloth","8":"product_tag-custom-stretch-tablecloth","9":"product_tag-fitted-tablecloth","10":"product_tag-stretch-table-cover","11":"product_tag-trade-show-table-cover","13":"first","14":"instock","15":"shipping-taxable","16":"product-type-simple","17":"entry","18":"content-bg","19":"loop-entry"},"_links":{"self":[{"href":"https:\/\/cmykprinted.com\/tr\/wp-json\/wp\/v2\/product\/938","targetHints":{"allow":["GET"]}}],"collection":[{"href":"https:\/\/cmykprinted.com\/tr\/wp-json\/wp\/v2\/product"}],"about":[{"href":"https:\/\/cmykprinted.com\/tr\/wp-json\/wp\/v2\/types\/product"}],"version-history":[{"count":3,"href":"https:\/\/cmykprinted.com\/tr\/wp-json\/wp\/v2\/product\/938\/revisions"}],"predecessor-version":[{"id":947,"href":"https:\/\/cmykprinted.com\/tr\/wp-json\/wp\/v2\/product\/938\/revisions\/947"}],"wp:featuredmedia":[{"embeddable":true,"href":"https:\/\/cmykprinted.com\/tr\/wp-json\/wp\/v2\/media\/939"}],"wp:attachment":[{"href":"https:\/\/cmykprinted.com\/tr\/wp-json\/wp\/v2\/media?parent=938"}],"wp:term":[{"taxonomy":"product_cat","embeddable":true,"href":"https:\/\/cmykprinted.com\/tr\/wp-json\/wp\/v2\/product_cat?post=938"},{"taxonomy":"product_tag","embeddable":true,"href":"https:\/\/cmykprinted.com\/tr\/wp-json\/wp\/v2\/product_tag?post=938"}],"curies":[{"name":"wp","href":"https:\/\/api.w.org\/{rel}","templated":true}]}}