{"id":949,"date":"2023-02-07T09:02:38","date_gmt":"2023-02-07T09:02:38","guid":{"rendered":"https:\/\/cmykprinted.com\/?post_type=product&#038;p=949"},"modified":"2023-02-08T03:15:05","modified_gmt":"2023-02-08T03:15:05","slug":"cheap-custom-outdoor-vinyl-banners-design-and-printing","status":"publish","type":"product","link":"https:\/\/cmykprinted.com\/tr\/urun\/cheap-custom-outdoor-vinyl-banners-design-and-printing\/","title":{"rendered":"Ucuz \u00d6zel A\u00e7\u0131k Hava Vinil Afi\u015f Tasar\u0131m\u0131 ve Bask\u0131s\u0131"},"content":{"rendered":"","protected":false},"excerpt":{"rendered":"<p>D\u0131\u015f mekan vinil afi\u015fleri, mesaj\u0131n\u0131z\u0131 iletmek i\u00e7in uygun maliyetli ve kullan\u0131\u015fl\u0131 bir \u00e7\u00f6z\u00fcmd\u00fcr. Ta\u015f\u0131nmas\u0131 ve kurulmas\u0131 kolayd\u0131r, bu da onlar\u0131 d\u0131\u015far\u0131da d\u00fczenlenen etkinlikler ve partiler i\u00e7in ideal k\u0131lar. Basit ve uygun maliyetli sipari\u015f s\u00fcrecimiz, beklemeden h\u0131zl\u0131 bir \u015fekilde \u00f6zel vinil afi\u015fler elde etmenizi sa\u011flar. Premium 13 oz. Kulland\u0131\u011f\u0131m\u0131z vinil, y\u00fcksek kaliteli bask\u0131 i\u00e7in p\u00fcr\u00fczs\u00fcz bir y\u00fczeye sahiptir ve genellikle reklam panolar\u0131, bina giydirmeleri, etkinlik bayraklar\u0131, ticari fuar tabelalar\u0131 ve ge\u00e7it t\u00f6renleri gibi \u00e7e\u015fitli d\u0131\u015f mekan reklam ama\u00e7lar\u0131 i\u00e7in kullan\u0131l\u0131r.<\/p>\n<div style=\"width: 1290px;\" class=\"wp-video\"><!--[if lt IE 9]><script>document.createElement('video');<\/script><![endif]--><br \/>\n<video class=\"wp-video-shortcode\" id=\"video-949-1\" width=\"1290\" height=\"726\" loop autoplay preload=\"auto\" controls=\"controls\"><source type=\"video\/mp4\" src=\"http:\/\/cmykprinted.com\/wp-content\/uploads\/2022\/12\/Fence-Mesh-Banners.mp4?_=1\" \/><a href=\"http:\/\/cmykprinted.com\/wp-content\/uploads\/2022\/12\/Fence-Mesh-Banners.mp4\">http:\/\/cmykprinted.com\/wp-content\/uploads\/2022\/12\/Fence-Mesh-Banners.mp4<\/a><\/video><\/div>\n<p>&nbsp;<\/p>","protected":false},"featured_media":950,"template":"","meta":{"_kad_post_transparent":"default","_kad_post_title":"hide","_kad_post_layout":"fullwidth","_kad_post_sidebar_id":"","_kad_post_content_style":"unboxed","_kad_post_vertical_padding":"hide","_kad_post_feature":"hide","_kad_post_feature_position":"","_kad_post_header":false,"_kad_post_footer":false},"product_cat":[85,87,86],"product_tag":[269,268,163,267,164],"class_list":{"0":"post-949","1":"product","2":"type-product","3":"status-publish","4":"has-post-thumbnail","6":"product_cat-outdoor-vinyl-banners","7":"product_cat-fabric-mesh-banners","8":"product_cat-fence-mesh-banners","9":"product_tag-cheap-outdoor-vinyl-banners","10":"product_tag-custom-outdoor-vinyl-banners","11":"product_tag-outdoor-vinyl-banners","12":"product_tag-vinyl-banners-design","13":"product_tag-vinyl-banners-printing","15":"first","16":"instock","17":"shipping-taxable","18":"product-type-simple","19":"entry","20":"content-bg","21":"loop-entry"},"_links":{"self":[{"href":"https:\/\/cmykprinted.com\/tr\/wp-json\/wp\/v2\/product\/949","targetHints":{"allow":["GET"]}}],"collection":[{"href":"https:\/\/cmykprinted.com\/tr\/wp-json\/wp\/v2\/product"}],"about":[{"href":"https:\/\/cmykprinted.com\/tr\/wp-json\/wp\/v2\/types\/product"}],"version-history":[{"count":2,"href":"https:\/\/cmykprinted.com\/tr\/wp-json\/wp\/v2\/product\/949\/revisions"}],"predecessor-version":[{"id":955,"href":"https:\/\/cmykprinted.com\/tr\/wp-json\/wp\/v2\/product\/949\/revisions\/955"}],"wp:featuredmedia":[{"embeddable":true,"href":"https:\/\/cmykprinted.com\/tr\/wp-json\/wp\/v2\/media\/950"}],"wp:attachment":[{"href":"https:\/\/cmykprinted.com\/tr\/wp-json\/wp\/v2\/media?parent=949"}],"wp:term":[{"taxonomy":"product_cat","embeddable":true,"href":"https:\/\/cmykprinted.com\/tr\/wp-json\/wp\/v2\/product_cat?post=949"},{"taxonomy":"product_tag","embeddable":true,"href":"https:\/\/cmykprinted.com\/tr\/wp-json\/wp\/v2\/product_tag?post=949"}],"curies":[{"name":"wp","href":"https:\/\/api.w.org\/{rel}","templated":true}]}}