{"id":956,"date":"2023-02-08T03:23:59","date_gmt":"2023-02-08T03:23:59","guid":{"rendered":"https:\/\/cmykprinted.com\/?post_type=product&#038;p=956"},"modified":"2023-02-08T03:36:40","modified_gmt":"2023-02-08T03:36:40","slug":"double-side-printed-folding-horizontal-pop-up-banner-stand","status":"publish","type":"product","link":"https:\/\/cmykprinted.com\/tr\/urun\/double-side-printed-folding-horizontal-pop-up-banner-stand\/","title":{"rendered":"\u00c7ift Tarafl\u0131 Bask\u0131l\u0131 Katlan\u0131r Yatay Pop Up Banner Stand\u0131"},"content":{"rendered":"","protected":false},"excerpt":{"rendered":"<p>Yatay A\u00e7\u0131l\u0131r Afi\u015f Stand\u0131, hem i\u00e7 hem de d\u0131\u015f mekan etkinlikleri i\u00e7in \u00e7ok y\u00f6nl\u00fc ve kullan\u0131\u015fl\u0131 bir \u00e7\u00f6z\u00fcmd\u00fcr. Hafif ve ta\u015f\u0131nabilir olan bu A-\u00e7er\u00e7eveli afi\u015fler, an\u0131nda g\u00f6r\u00fcn\u00fcrl\u00fck sunar ve saniyeler i\u00e7inde kurulumu kolayd\u0131r. Spor etkinlikleri, ticari fuarlar, promosyonlar ve y\u00f6n tabelalar\u0131 i\u00e7in idealdirler. Katlanarak saklama \u00e7antas\u0131na d\u00f6n\u00fc\u015fen metal \u00e7er\u00e7evesi ile spor sahalar\u0131nda g\u00fcvenle kullan\u0131labilir ve kolay ta\u015f\u0131nabilir. Afi\u015fler, yatay, dikey, daire ve \u00fc\u00e7gen dahil olmak \u00fczere \u00e7e\u015fitli \u015fekil ve boyutlarda mevcuttur ve maksimum g\u00f6r\u00fcn\u00fcrl\u00fck i\u00e7in \u00e7ift tarafl\u0131d\u0131r. Her iki tarafta farkl\u0131 g\u00f6r\u00fcnt\u00fcler g\u00f6sterilebilir veya ayn\u0131 g\u00f6r\u00fcnt\u00fc kullan\u0131labilir. Afi\u015fler, yumu\u015fak y\u00fczeyler i\u00e7in zemin kaz\u0131klar\u0131 ile birlikte gelir veya sert y\u00fczeyler \u00fczerinde a\u011f\u0131rl\u0131kland\u0131r\u0131labilir.<\/p>\n<div style=\"width: 1290px;\" class=\"wp-video\"><!--[if lt IE 9]><script>document.createElement('video');<\/script><![endif]--><br \/>\n<video class=\"wp-video-shortcode\" id=\"video-956-1\" width=\"1290\" height=\"726\" loop autoplay preload=\"auto\" controls=\"controls\"><source type=\"video\/mp4\" src=\"http:\/\/cmykprinted.com\/wp-content\/uploads\/2022\/12\/horizontal-pop-up-banners.mp4?_=1\" \/><a href=\"http:\/\/cmykprinted.com\/wp-content\/uploads\/2022\/12\/horizontal-pop-up-banners.mp4\">http:\/\/cmykprinted.com\/wp-content\/uploads\/2022\/12\/horizontal-pop-up-banners.mp4<\/a><\/video><\/div>\n<p>&nbsp;<\/p>","protected":false},"featured_media":957,"template":"","meta":{"_kad_post_transparent":"default","_kad_post_title":"hide","_kad_post_layout":"fullwidth","_kad_post_sidebar_id":"","_kad_post_content_style":"unboxed","_kad_post_vertical_padding":"hide","_kad_post_feature":"hide","_kad_post_feature_position":"","_kad_post_header":false,"_kad_post_footer":false},"product_cat":[92,94],"product_tag":[272,271,270,273],"class_list":{"0":"post-956","1":"product","2":"type-product","3":"status-publish","4":"has-post-thumbnail","6":"product_cat-pop-up-banners","7":"product_cat-horizontal-pop-up-banners","8":"product_tag-folding-horizontal-pop-up-banner","9":"product_tag-horizontal-pop-up-banner","10":"product_tag-horizontal-pop-up-banner-stand","11":"product_tag-printed-horizontal-pop-up-banner","13":"first","14":"instock","15":"shipping-taxable","16":"product-type-simple","17":"entry","18":"content-bg","19":"loop-entry"},"_links":{"self":[{"href":"https:\/\/cmykprinted.com\/tr\/wp-json\/wp\/v2\/product\/956","targetHints":{"allow":["GET"]}}],"collection":[{"href":"https:\/\/cmykprinted.com\/tr\/wp-json\/wp\/v2\/product"}],"about":[{"href":"https:\/\/cmykprinted.com\/tr\/wp-json\/wp\/v2\/types\/product"}],"version-history":[{"count":2,"href":"https:\/\/cmykprinted.com\/tr\/wp-json\/wp\/v2\/product\/956\/revisions"}],"predecessor-version":[{"id":964,"href":"https:\/\/cmykprinted.com\/tr\/wp-json\/wp\/v2\/product\/956\/revisions\/964"}],"wp:featuredmedia":[{"embeddable":true,"href":"https:\/\/cmykprinted.com\/tr\/wp-json\/wp\/v2\/media\/957"}],"wp:attachment":[{"href":"https:\/\/cmykprinted.com\/tr\/wp-json\/wp\/v2\/media?parent=956"}],"wp:term":[{"taxonomy":"product_cat","embeddable":true,"href":"https:\/\/cmykprinted.com\/tr\/wp-json\/wp\/v2\/product_cat?post=956"},{"taxonomy":"product_tag","embeddable":true,"href":"https:\/\/cmykprinted.com\/tr\/wp-json\/wp\/v2\/product_tag?post=956"}],"curies":[{"name":"wp","href":"https:\/\/api.w.org\/{rel}","templated":true}]}}