{"id":965,"date":"2023-02-08T04:50:30","date_gmt":"2023-02-08T04:50:30","guid":{"rendered":"https:\/\/cmykprinted.com\/?post_type=product&#038;p=965"},"modified":"2023-02-08T05:02:02","modified_gmt":"2023-02-08T05:02:02","slug":"straight-tension-fabric-backdrop-media-wall-for-events","status":"publish","type":"product","link":"https:\/\/cmykprinted.com\/tr\/urun\/straight-tension-fabric-backdrop-media-wall-for-events\/","title":{"rendered":"Etkinlikler i\u00e7in D\u00fcz Gerilim Kuma\u015f Arkaplan Medya Duvar\u0131"},"content":{"rendered":"","protected":false},"excerpt":{"rendered":"<p>En \u00e7ok satan d\u00fcz gergi kuma\u015f zeminimiz \u00e7ok y\u00f6nl\u00fcd\u00fcr ve st\u00fcdyo arka plan\u0131, sahne arka plan\u0131, foto\u011fraf kabini, bas\u0131n toplant\u0131s\u0131, \u00f6d\u00fcl t\u00f6reni ve k\u0131rm\u0131z\u0131 hal\u0131 gibi \u00e7e\u015fitli uygulamalar i\u00e7in idealdir. \u0130ki tasar\u0131ma sahip olma se\u00e7ene\u011fi ile maksimum de\u011fer ve kolay ta\u015f\u0131ma elde edersiniz. Dayan\u0131kl\u0131, esnek 100% makinede y\u0131kanabilir polyesterden \u00fcretilen \u00f6zel kuma\u015f bask\u0131 i\u015flemimiz, tasar\u0131m\u0131n birden fazla y\u0131kamadan sonra ve her t\u00fcrl\u00fc hava ko\u015fulunda bile canl\u0131 kalmas\u0131n\u0131 sa\u011flar. Bask\u0131m\u0131z, daha g\u00fcvenli ve daha az zorlu bir s\u00fcre\u00e7 i\u00e7in eko-solvent, tamamen do\u011fal, biyolojik olarak par\u00e7alanabilen solventler kullan\u0131r. Hafif ancak sa\u011flam al\u00fcminyum \u00e7er\u00e7eve, kuma\u015f\u0131 destekler ve herhangi bir alet kullanmadan kolay kurulum i\u00e7in ge\u00e7meli kilitli borularla birlikte gelir. Stand, istedi\u011finiz boyuta g\u00f6re ayarlanabilir ve ta\u015f\u0131nabilir, yuvarlanan sert bir k\u0131l\u0131fla birlikte gelir. Kargo \u00fccretsizdir ve 4-5 i\u015f g\u00fcn\u00fc s\u00fcrer.<\/p>\n<div style=\"width: 1290px;\" class=\"wp-video\"><!--[if lt IE 9]><script>document.createElement('video');<\/script><![endif]--><br \/>\n<video class=\"wp-video-shortcode\" id=\"video-965-1\" width=\"1290\" height=\"726\" loop autoplay preload=\"metadata\" controls=\"controls\"><source type=\"video\/mp4\" src=\"http:\/\/cmykprinted.com\/wp-content\/uploads\/2023\/02\/Straight-Tension-Fabric-Backdrop.mp4?_=1\" \/><a href=\"http:\/\/cmykprinted.com\/wp-content\/uploads\/2023\/02\/Straight-Tension-Fabric-Backdrop.mp4\">http:\/\/cmykprinted.com\/wp-content\/uploads\/2023\/02\/Straight-Tension-Fabric-Backdrop.mp4<\/a><\/video><\/div>","protected":false},"featured_media":966,"template":"","meta":{"_kad_post_transparent":"default","_kad_post_title":"hide","_kad_post_layout":"fullwidth","_kad_post_sidebar_id":"","_kad_post_content_style":"unboxed","_kad_post_vertical_padding":"hide","_kad_post_feature":"hide","_kad_post_feature_position":"","_kad_post_header":false,"_kad_post_footer":false},"product_cat":[97,100],"product_tag":[274,196,197,198],"class_list":{"0":"post-965","1":"product","2":"type-product","3":"status-publish","4":"has-post-thumbnail","6":"product_cat-tension-fabric-displays","7":"product_cat-straight-tension-fabric-backdrop","8":"product_tag-events-media-wall","9":"product_tag-straight-tension-fabric-backdrop","10":"product_tag-tension-fabric-backdrop","11":"product_tag-tension-fabric-media-wall","13":"first","14":"instock","15":"shipping-taxable","16":"product-type-simple","17":"entry","18":"content-bg","19":"loop-entry"},"_links":{"self":[{"href":"https:\/\/cmykprinted.com\/tr\/wp-json\/wp\/v2\/product\/965","targetHints":{"allow":["GET"]}}],"collection":[{"href":"https:\/\/cmykprinted.com\/tr\/wp-json\/wp\/v2\/product"}],"about":[{"href":"https:\/\/cmykprinted.com\/tr\/wp-json\/wp\/v2\/types\/product"}],"version-history":[{"count":2,"href":"https:\/\/cmykprinted.com\/tr\/wp-json\/wp\/v2\/product\/965\/revisions"}],"predecessor-version":[{"id":975,"href":"https:\/\/cmykprinted.com\/tr\/wp-json\/wp\/v2\/product\/965\/revisions\/975"}],"wp:featuredmedia":[{"embeddable":true,"href":"https:\/\/cmykprinted.com\/tr\/wp-json\/wp\/v2\/media\/966"}],"wp:attachment":[{"href":"https:\/\/cmykprinted.com\/tr\/wp-json\/wp\/v2\/media?parent=965"}],"wp:term":[{"taxonomy":"product_cat","embeddable":true,"href":"https:\/\/cmykprinted.com\/tr\/wp-json\/wp\/v2\/product_cat?post=965"},{"taxonomy":"product_tag","embeddable":true,"href":"https:\/\/cmykprinted.com\/tr\/wp-json\/wp\/v2\/product_tag?post=965"}],"curies":[{"name":"wp","href":"https:\/\/api.w.org\/{rel}","templated":true}]}}