{"id":976,"date":"2023-02-11T03:41:11","date_gmt":"2023-02-11T03:41:11","guid":{"rendered":"https:\/\/cmykprinted.com\/?post_type=product&#038;p=976"},"modified":"2023-02-11T03:46:13","modified_gmt":"2023-02-11T03:46:13","slug":"double-sided-feather-flags-with-free-design-at-cheap-price","status":"publish","type":"product","link":"https:\/\/cmykprinted.com\/tr\/urun\/double-sided-feather-flags-with-free-design-at-cheap-price\/","title":{"rendered":"Ucuz Fiyata \u00dccretsiz Tasar\u0131ml\u0131 \u00c7ift Tarafl\u0131 Ku\u015f T\u00fcy\u00fc Bayraklar"},"content":{"rendered":"","protected":false},"excerpt":{"rendered":"<p>\u00c7ift tarafl\u0131 ku\u015f t\u00fcy\u00fc bayraklar, markalar\u0131n\u0131n veya mesajlar\u0131n\u0131n reklam\u0131n\u0131 yapmak i\u00e7in uygun bir y\u00f6ntem arayan \u015firketler ve kurulu\u015flar i\u00e7in yayg\u0131n olarak kullan\u0131lan bir se\u00e7enektir. Basit kurulum ve herhangi bir alana yerle\u015ftirilebilme \u00f6zelli\u011fi ile pratik bir \u00e7\u00f6z\u00fcm sunarlar. T\u00fcy plaj bayra\u011f\u0131n\u0131n dire\u011fi, r\u00fczgarl\u0131 ko\u015fullarda ve sert hava ko\u015fullar\u0131nda bile \u015feklini korumas\u0131na olanak tan\u0131yan al\u00fcminyum ve cam elyaf\u0131 gibi g\u00fc\u00e7l\u00fc malzemelerden yap\u0131lm\u0131\u015ft\u0131r. Bayrak, arka taraf\u0131nda yakla\u015f\u0131k 100% yans\u0131ma sunan y\u00fcksek kaliteli 115 g\/m2 polyester kuma\u015fa bas\u0131lm\u0131\u015ft\u0131r ve bayra\u011f\u0131n kolayca fark edilmesini ve uzaktan okunmas\u0131n\u0131 garanti eder.<br \/>\nG\u00fcvenilirlik ve g\u00f6r\u00fcn\u00fcrl\u00fcklerine ek olarak, ku\u015f t\u00fcy\u00fc plaj bayraklar\u0131n\u0131n ta\u015f\u0131nmas\u0131 da kolayd\u0131r ve minimum yer kaplar. Bir yerden bir yere zahmetsizce ta\u015f\u0131nabilirler ve \u00e7e\u015fitli taban se\u00e7enekleri sayesinde her zemine kurulabilirler.<br \/>\nSonu\u00e7 olarak, t\u00fcyl\u00fc plaj bayraklar\u0131, markan\u0131z\u0131 veya mesaj\u0131n\u0131z\u0131 sergilemenin esnek ve verimli bir yoludur. Basit montaj\u0131, dayan\u0131kl\u0131l\u0131\u011f\u0131 ve m\u00fckemmel g\u00f6r\u00fcn\u00fcrl\u00fc\u011f\u00fc ile dikkat \u00e7ekmek isteyen her i\u015fletme veya kurulu\u015f i\u00e7in m\u00fckemmel bir se\u00e7imdir.<\/p>\n<div style=\"width: 1280px;\" class=\"wp-video\"><!--[if lt IE 9]><script>document.createElement('video');<\/script><![endif]--><br \/>\n<video class=\"wp-video-shortcode\" id=\"video-976-1\" width=\"1280\" height=\"720\" loop autoplay preload=\"metadata\" controls=\"controls\"><source type=\"video\/mp4\" src=\"http:\/\/cmykprinted.com\/wp-content\/uploads\/2022\/12\/Feather-beach-flags.mp4?_=1\" \/><a href=\"http:\/\/cmykprinted.com\/wp-content\/uploads\/2022\/12\/Feather-beach-flags.mp4\">http:\/\/cmykprinted.com\/wp-content\/uploads\/2022\/12\/Feather-beach-flags.mp4<\/a><\/video><\/div>","protected":false},"featured_media":977,"template":"","meta":{"_kad_post_transparent":"default","_kad_post_title":"hide","_kad_post_layout":"fullwidth","_kad_post_sidebar_id":"","_kad_post_content_style":"unboxed","_kad_post_vertical_padding":"hide","_kad_post_feature":"hide","_kad_post_feature_position":"","_kad_post_header":false,"_kad_post_footer":false},"product_cat":[64,65],"product_tag":[278,275,276,277],"class_list":{"0":"post-976","1":"product","2":"type-product","3":"status-publish","4":"has-post-thumbnail","6":"product_cat-beach-flags","7":"product_cat-feather-flags-banners","8":"product_tag-cheap-feather-flags","9":"product_tag-double-sided-feather-flags","10":"product_tag-feather-flags","11":"product_tag-free-design-feather-flags","13":"first","14":"instock","15":"shipping-taxable","16":"product-type-simple","17":"entry","18":"content-bg","19":"loop-entry"},"_links":{"self":[{"href":"https:\/\/cmykprinted.com\/tr\/wp-json\/wp\/v2\/product\/976","targetHints":{"allow":["GET"]}}],"collection":[{"href":"https:\/\/cmykprinted.com\/tr\/wp-json\/wp\/v2\/product"}],"about":[{"href":"https:\/\/cmykprinted.com\/tr\/wp-json\/wp\/v2\/types\/product"}],"version-history":[{"count":2,"href":"https:\/\/cmykprinted.com\/tr\/wp-json\/wp\/v2\/product\/976\/revisions"}],"predecessor-version":[{"id":983,"href":"https:\/\/cmykprinted.com\/tr\/wp-json\/wp\/v2\/product\/976\/revisions\/983"}],"wp:featuredmedia":[{"embeddable":true,"href":"https:\/\/cmykprinted.com\/tr\/wp-json\/wp\/v2\/media\/977"}],"wp:attachment":[{"href":"https:\/\/cmykprinted.com\/tr\/wp-json\/wp\/v2\/media?parent=976"}],"wp:term":[{"taxonomy":"product_cat","embeddable":true,"href":"https:\/\/cmykprinted.com\/tr\/wp-json\/wp\/v2\/product_cat?post=976"},{"taxonomy":"product_tag","embeddable":true,"href":"https:\/\/cmykprinted.com\/tr\/wp-json\/wp\/v2\/product_tag?post=976"}],"curies":[{"name":"wp","href":"https:\/\/api.w.org\/{rel}","templated":true}]}}