{"id":993,"date":"2023-02-11T08:06:52","date_gmt":"2023-02-11T08:06:52","guid":{"rendered":"https:\/\/cmykprinted.com\/?post_type=product&#038;p=993"},"modified":"2023-02-11T08:14:57","modified_gmt":"2023-02-11T08:14:57","slug":"wall-mounted-shop-front-flagpole-end-sign-shop-front-flags","status":"publish","type":"product","link":"https:\/\/cmykprinted.com\/tr\/urun\/wall-mounted-shop-front-flagpole-end-sign-shop-front-flags\/","title":{"rendered":"Duvara Monte Ma\u011faza \u00d6n\u00fc Bayrak Dire\u011fi Sonu Tabelas\u0131 Ma\u011faza \u00d6n\u00fc Bayraklar\u0131"},"content":{"rendered":"","protected":false},"excerpt":{"rendered":"<p>Ma\u011faza \u00f6n\u00fc bayrak dire\u011fi, \u00e7e\u015fitli boyut ve \u015fekillerdeki bayraklar\u0131 bar\u0131nd\u0131racak \u015fekilde tasarlanm\u0131\u015ft\u0131r. Sa\u011flam yap\u0131s\u0131 ve basit kurulumu, onu bayraklar\u0131n\u0131 gururla sergilemek isteyenler i\u00e7in pop\u00fcler bir se\u00e7im haline getiriyor. Direk, \u00e7o\u011fu konut ve ticari m\u00fclk i\u00e7in standart bir boyut olan 3&#039; x 5&#039; ABD Bayra\u011f\u0131n\u0131 dalgaland\u0131rmak i\u00e7in \u00f6nceden yap\u0131land\u0131r\u0131lm\u0131\u015f olarak gelir. Ancak, bayra\u011f\u0131 farkl\u0131 bir boyuta de\u011fi\u015ftirmek isterseniz, bu sadece birka\u00e7 dakika i\u00e7inde tamamlanabilecek basit ve anla\u015f\u0131l\u0131r bir i\u015flemdir.<\/p>","protected":false},"featured_media":994,"template":"","meta":{"_kad_post_transparent":"default","_kad_post_title":"hide","_kad_post_layout":"fullwidth","_kad_post_sidebar_id":"","_kad_post_content_style":"unboxed","_kad_post_vertical_padding":"hide","_kad_post_feature":"hide","_kad_post_feature_position":"","_kad_post_header":false,"_kad_post_footer":false},"product_cat":[79],"product_tag":[213,283,285,284,286],"class_list":{"0":"post-993","1":"product","2":"type-product","3":"status-publish","4":"has-post-thumbnail","6":"product_cat-custom-flags","7":"product_tag-end-sign-flags","8":"product_tag-shop-front-flagpole","9":"product_tag-small-wall-flags","10":"product_tag-wall-mounted-flags","11":"product_tag-window-mounted-flags-signs","13":"first","14":"instock","15":"shipping-taxable","16":"product-type-simple","17":"entry","18":"content-bg","19":"loop-entry"},"_links":{"self":[{"href":"https:\/\/cmykprinted.com\/tr\/wp-json\/wp\/v2\/product\/993","targetHints":{"allow":["GET"]}}],"collection":[{"href":"https:\/\/cmykprinted.com\/tr\/wp-json\/wp\/v2\/product"}],"about":[{"href":"https:\/\/cmykprinted.com\/tr\/wp-json\/wp\/v2\/types\/product"}],"version-history":[{"count":1,"href":"https:\/\/cmykprinted.com\/tr\/wp-json\/wp\/v2\/product\/993\/revisions"}],"predecessor-version":[{"id":999,"href":"https:\/\/cmykprinted.com\/tr\/wp-json\/wp\/v2\/product\/993\/revisions\/999"}],"wp:featuredmedia":[{"embeddable":true,"href":"https:\/\/cmykprinted.com\/tr\/wp-json\/wp\/v2\/media\/994"}],"wp:attachment":[{"href":"https:\/\/cmykprinted.com\/tr\/wp-json\/wp\/v2\/media?parent=993"}],"wp:term":[{"taxonomy":"product_cat","embeddable":true,"href":"https:\/\/cmykprinted.com\/tr\/wp-json\/wp\/v2\/product_cat?post=993"},{"taxonomy":"product_tag","embeddable":true,"href":"https:\/\/cmykprinted.com\/tr\/wp-json\/wp\/v2\/product_tag?post=993"}],"curies":[{"name":"wp","href":"https:\/\/api.w.org\/{rel}","templated":true}]}}